{"id":6410,"date":"2026-04-04T23:56:00","date_gmt":"2026-04-04T21:56:00","guid":{"rendered":"https:\/\/e-schema.pl\/?post_type=product&#038;p=6410"},"modified":"2026-04-04T23:56:01","modified_gmt":"2026-04-04T21:56:01","slug":"konceptualizacja-w-terapii-schematu-webinar","status":"publish","type":"product","link":"https:\/\/e-schema.pl\/en\/produkt\/konceptualizacja-w-terapii-schematu-webinar\/","title":{"rendered":"Konceptualizacja w Terapii Schematu- Webinar"},"content":{"rendered":"<h2>WEBINAR: KONCEPTUALIZACJA W TERAPII SCHEMAT\u00d3W- CO I JAK?<\/h2>\n<p><b>by <a href=\"https:\/\/e-schema.pl\/o-nas\/\">Marta \u017burowska &amp; Magdalena Kit\u0142owska<\/a><\/b><\/p>\n<p><span style=\"font-weight: 400;\">Webinar: Konceptualizacja w Terapii Schematu to niemal 2-godzinny\u00a0 po\u015bwi\u0119cony jednemu z kluczowych element\u00f3w pracy terapeuty schemat\u00f3w \u2013 <\/span><b>konceptualizacji przypadku<\/b><span style=\"font-weight: 400;\">.<\/span><\/p>\n<p><span style=\"font-weight: 400;\">To praktyczne i uporz\u0105dkowane wprowadzenie do tego, <\/span><b>jak tworzy\u0107 sp\u00f3jn\u0105, pog\u0142\u0119bion\u0105 i klinicznie u\u017cyteczn\u0105 konceptualizacj\u0119<\/b><span style=\"font-weight: 400;\">, kt\u00f3ra realnie prowadzi proces terapii \u2013 a nie jest jedynie formalnym dokumentem.<\/span><\/p>\n<h3><b>\ud83d\udd36<\/b><b> Czego si\u0119 nauczysz?<\/b><\/h3>\n<p><span style=\"font-weight: 400;\">Podczas webinaru:<\/span><\/p>\n<ul>\n<li style=\"font-weight: 400;\" aria-level=\"1\"><span style=\"font-weight: 400;\">zrozumiesz, <\/span><b>czym jest konceptualizacja i jak\u0105 pe\u0142ni funkcj\u0119 w terapii schemat\u00f3w<\/b><span style=\"font-weight: 400;\">\u00a0<\/span><\/li>\n<li style=\"font-weight: 400;\" aria-level=\"1\"><span style=\"font-weight: 400;\">poznasz <\/span><b>now\u0105 struktur\u0119 formularza ISST (wersja 3.8)<\/b><span style=\"font-weight: 400;\"> i jej zastosowanie\u00a0<\/span><\/li>\n<li style=\"font-weight: 400;\" aria-level=\"1\"><span style=\"font-weight: 400;\">nauczysz si\u0119 \u0142\u0105czy\u0107:\u00a0<\/span>\n<ul>\n<li style=\"font-weight: 400;\" aria-level=\"2\"><span style=\"font-weight: 400;\">problemy pacjenta\u00a0<\/span><\/li>\n<li style=\"font-weight: 400;\" aria-level=\"2\"><span style=\"font-weight: 400;\">histori\u0119 rozwojow\u0105\u00a0<\/span><\/li>\n<li style=\"font-weight: 400;\" aria-level=\"2\"><span style=\"font-weight: 400;\">niezaspokojone potrzeby\u00a0<\/span><\/li>\n<li style=\"font-weight: 400;\" aria-level=\"2\"><span style=\"font-weight: 400;\">schematy i tryby\u00a0<\/span><\/li>\n<\/ul>\n<\/li>\n<li style=\"font-weight: 400;\" aria-level=\"1\"><span style=\"font-weight: 400;\">dowiesz si\u0119, <\/span><b>jak konceptualizacja wyznacza kierunek terapii i wspiera relacj\u0119 terapeutyczn\u0105<\/b><span style=\"font-weight: 400;\">\u00a0<\/span><\/li>\n<\/ul>\n<h3><b>\ud83d\udd36<\/b><b> Co znajdziesz w materiale?<\/b><\/h3>\n<p><span style=\"font-weight: 400;\">Webinar obejmuje m.in.:<\/span><\/p>\n<p><span style=\"font-weight: 400;\">\u00a0-&gt; om\u00f3wienie <\/span><b>nowej struktury konceptualizacji<\/b><span style=\"font-weight: 400;\">:<\/span><\/p>\n<ul>\n<li style=\"font-weight: 400;\" aria-level=\"1\"><span style=\"font-weight: 400;\">problemy i funkcjonowanie klienta\u00a0<\/span><\/li>\n<li style=\"font-weight: 400;\" aria-level=\"1\"><span style=\"font-weight: 400;\">historia rozwoju i potrzeby\u00a0<\/span><\/li>\n<li style=\"font-weight: 400;\" aria-level=\"1\"><span style=\"font-weight: 400;\">schematy i tryby\u00a0<\/span><\/li>\n<li style=\"font-weight: 400;\" aria-level=\"1\"><span style=\"font-weight: 400;\">zasoby (Zdrowy Doros\u0142y, Dziecko Szcz\u0119\u015bliwe)\u00a0<\/span><\/li>\n<li style=\"font-weight: 400;\" aria-level=\"1\"><span style=\"font-weight: 400;\">plan terapii i relacja terapeutyczna\u00a0<\/span><\/li>\n<\/ul>\n<p><span style=\"font-weight: 400;\">-&gt;<\/span><span style=\"font-weight: 400;\"> aktualne podej\u015bcie do:<\/span><\/p>\n<ul>\n<li style=\"font-weight: 400;\" aria-level=\"1\"><b>schemat\u00f3w (pierwotne vs wt\u00f3rne)<\/b><span style=\"font-weight: 400;\">\u00a0<\/span><\/li>\n<li style=\"font-weight: 400;\" aria-level=\"1\"><b>tryb\u00f3w (w tym subtryby i tryby mieszane)<\/b><span style=\"font-weight: 400;\">\u00a0<\/span><\/li>\n<li style=\"font-weight: 400;\" aria-level=\"1\"><b>potrzeb emocjonalnych (rozszerzona koncepcja)<\/b><span style=\"font-weight: 400;\">\u00a0<\/span><\/li>\n<\/ul>\n<p><span style=\"font-weight: 400;\">-&gt;<\/span><span style=\"font-weight: 400;\"> wskaz\u00f3wki:<\/span><\/p>\n<ul>\n<li style=\"font-weight: 400;\" aria-level=\"1\"><span style=\"font-weight: 400;\">jak unika\u0107 najcz\u0119stszych b\u0142\u0119d\u00f3w w konceptualizacji\u00a0<\/span><\/li>\n<li style=\"font-weight: 400;\" aria-level=\"1\"><span style=\"font-weight: 400;\">jak \u0142\u0105czy\u0107 do\u015bwiadczenia z dzieci\u0144stwa z aktualnymi trudno\u015bciami\u00a0<\/span><\/li>\n<li style=\"font-weight: 400;\" aria-level=\"1\"><span style=\"font-weight: 400;\">jak pracowa\u0107 z konceptualizacj\u0105 w kontek\u015bcie relacji terapeutycznej\u00a0<\/span><\/li>\n<\/ul>\n<h3><b>\ud83d\udd36<\/b><b> Dlaczego warto?<\/b><\/h3>\n<p><span style=\"font-weight: 400;\">Konceptualizacja:<\/span><\/p>\n<ul>\n<li style=\"font-weight: 400;\" aria-level=\"1\"><span style=\"font-weight: 400;\">porz\u0105dkuje my\u015blenie terapeutyczne\u00a0<\/span><\/li>\n<li style=\"font-weight: 400;\" aria-level=\"1\"><span style=\"font-weight: 400;\">pozwala zrozumie\u0107 \u017ar\u00f3d\u0142a problem\u00f3w klienta\u00a0<\/span><\/li>\n<li style=\"font-weight: 400;\" aria-level=\"1\"><span style=\"font-weight: 400;\">zwi\u0119ksza skuteczno\u015b\u0107 interwencji\u00a0<\/span><\/li>\n<li style=\"font-weight: 400;\" aria-level=\"1\"><span style=\"font-weight: 400;\">jest kluczowym elementem procesu certyfikacji ISST\u00a0<\/span><\/li>\n<\/ul>\n<p><span style=\"font-weight: 400;\">To szkolenie pomo\u017ce Ci przej\u015b\u0107 od:<\/span><span style=\"font-weight: 400;\"><br \/>\n<\/span><span style=\"font-weight: 400;\">\ud83d\udc49<\/span><span style=\"font-weight: 400;\"> \u201emam du\u017co informacji o pacjencie\u201d<\/span><span style=\"font-weight: 400;\"><br \/>\n<\/span><span style=\"font-weight: 400;\">do:<\/span><span style=\"font-weight: 400;\"><br \/>\n<\/span><span style=\"font-weight: 400;\">\ud83d\udc49<\/span><span style=\"font-weight: 400;\"> \u201ewiem, co robi\u0107 terapeutycznie i dlaczego\u201d<\/span><\/p>\n<h3><b>\ud83d\udd36<\/b><b> Dla kogo?<\/b><\/h3>\n<ul>\n<li style=\"font-weight: 400;\" aria-level=\"1\"><span style=\"font-weight: 400;\">terapeut\u00f3w schemat\u00f3w (w trakcie szkolenia i certyfikacji)\u00a0<\/span><\/li>\n<li style=\"font-weight: 400;\" aria-level=\"1\"><span style=\"font-weight: 400;\">psychoterapeut\u00f3w chc\u0105cych uporz\u0105dkowa\u0107 swoj\u0105 prac\u0119 konceptualizacyjn\u0105\u00a0<\/span><\/li>\n<li style=\"font-weight: 400;\" aria-level=\"1\"><span style=\"font-weight: 400;\">os\u00f3b korzystaj\u0105cych z superwizji i rozwijaj\u0105cych warsztat kliniczny\u00a0<\/span><\/li>\n<\/ul>\n<h3><b>\ud83d\udd36<\/b><b> Forma<\/b><\/h3>\n<ul>\n<li style=\"font-weight: 400;\" aria-level=\"1\"><span style=\"font-weight: 400;\">\ud83c\udfa5<\/span><span style=\"font-weight: 400;\"> nagranie webinaru (ok. 2 godziny)\u00a0<\/span><\/li>\n<li style=\"font-weight: 400;\" aria-level=\"1\"><span style=\"font-weight: 400;\">\ud83d\udcda<\/span><span style=\"font-weight: 400;\"> materia\u0142 szkoleniowy oparty na aktualnych standardach ISST\u00a0<\/span><\/li>\n<li style=\"font-weight: 400;\" aria-level=\"1\"><span style=\"font-weight: 400;\">\ud83e\udde0<\/span><span style=\"font-weight: 400;\"> po\u0142\u0105czenie teorii i praktyki klinicznej<\/span><\/li>\n<\/ul>\n<h2><span style=\"color: #000000;\">Uwaga! Do zakupu konieczne jest <a href=\"https:\/\/e-schema.pl\/moje-konto\/\">za\u0142o\u017cenie konta<\/a> na naszej stronie.\u00a0<\/span><\/h2>\n<h2><span style=\"color: #000000;\">Po zakupie kurs wy\u015bwietli si\u0119 w zak\u0142adce: Platforma Kursowa<\/span><\/h2>\n","protected":false},"excerpt":{"rendered":"<p><span style=\"font-weight: 400;\">Webinar: Konceptualizacja w Terapii Schematu to niemal 2-godzinny\u00a0 po\u015bwi\u0119cony jednemu z kluczowych element\u00f3w pracy terapeuty schemat\u00f3w \u2013 <\/span><b>konceptualizacji przypadku<\/b><span style=\"font-weight: 400;\">.<\/span><\/p>\n<p><span style=\"font-weight: 400;\">To praktyczne i uporz\u0105dkowane wprowadzenie do tego, <\/span><b>jak tworzy\u0107 sp\u00f3jn\u0105, pog\u0142\u0119bion\u0105 i klinicznie u\u017cyteczn\u0105 konceptualizacj\u0119<\/b><span style=\"font-weight: 400;\">, kt\u00f3ra realnie prowadzi proces terapii \u2013 a nie jest jedynie formalnym dokumentem.<\/span><\/p>\n","protected":false},"featured_media":6389,"template":"","meta":{"_acf_changed":false},"product_brand":[],"product_cat":[15],"product_tag":[142,118,131,145,150,148,144,143,146,114,120,113,68,129,67],"class_list":{"0":"post-6410","1":"product","2":"type-product","3":"status-publish","4":"has-post-thumbnail","6":"product_cat-bez-kategorii","7":"product_tag-konceptualizacja","8":"product_tag-kurs","9":"product_tag-materialy-szkoleniowe","10":"product_tag-online","11":"product_tag-produkt-wirtualny","12":"product_tag-psycho","13":"product_tag-psychologia","14":"product_tag-psychoterapia","15":"product_tag-schemat","16":"product_tag-schematu","17":"product_tag-techniki","18":"product_tag-terapia","19":"product_tag-terapia-schematow","20":"product_tag-terapia-schematow-cwiczenia","21":"product_tag-webinar","23":"first","24":"instock","25":"virtual","26":"sold-individually","27":"taxable","28":"purchasable","29":"product-type-course"},"acf":[],"yoast_head":"<!-- This site is optimized with the Yoast SEO plugin v27.4 - https:\/\/yoast.com\/product\/yoast-seo-wordpress\/ -->\n<title>Webinar: Konceptualizacja w Terapii Schematu - e-schema<\/title>\n<meta name=\"description\" content=\"Niemal 2-godzinny webinar po\u015bwi\u0119cony konceptualizacji przypadku to praktyczne i uporz\u0105dkowane wprowadzenie do tego jak tworzy\u0107 sp\u00f3jn\u0105 konceptualizacj\u0119.\" \/>\n<meta name=\"robots\" content=\"index, follow, max-snippet:-1, max-image-preview:large, max-video-preview:-1\" \/>\n<link rel=\"canonical\" href=\"https:\/\/e-schema.pl\/en\/produkt\/konceptualizacja-w-terapii-schematu-webinar\/\" \/>\n<meta property=\"og:locale\" content=\"en_US\" \/>\n<meta property=\"og:type\" content=\"article\" \/>\n<meta property=\"og:title\" content=\"Webinar: Konceptualizacja w Terapii Schematu - e-schema\" \/>\n<meta property=\"og:description\" content=\"Niemal 2-godzinny webinar po\u015bwi\u0119cony konceptualizacji przypadku to praktyczne i uporz\u0105dkowane wprowadzenie do tego jak tworzy\u0107 sp\u00f3jn\u0105 konceptualizacj\u0119.\" \/>\n<meta property=\"og:url\" content=\"https:\/\/e-schema.pl\/en\/produkt\/konceptualizacja-w-terapii-schematu-webinar\/\" \/>\n<meta property=\"og:site_name\" content=\"e-schema\" \/>\n<meta property=\"article:modified_time\" content=\"2026-04-04T21:56:01+00:00\" \/>\n<meta property=\"og:image\" content=\"https:\/\/e-schema.pl\/wp-content\/uploads\/2025\/05\/White-and-Beige-Minimalist-Tablet-Product-Mockup-Instagram-Post-1.png\" \/>\n\t<meta property=\"og:image:width\" content=\"1080\" \/>\n\t<meta property=\"og:image:height\" content=\"1080\" \/>\n\t<meta property=\"og:image:type\" content=\"image\/png\" \/>\n<meta name=\"twitter:card\" content=\"summary_large_image\" \/>\n<meta name=\"twitter:label1\" content=\"Est. reading time\" \/>\n\t<meta name=\"twitter:data1\" content=\"2 minutes\" \/>\n<script type=\"application\/ld+json\" class=\"yoast-schema-graph\">{\"@context\":\"https:\\\/\\\/schema.org\",\"@graph\":[{\"@type\":\"WebPage\",\"@id\":\"https:\\\/\\\/e-schema.pl\\\/en\\\/produkt\\\/konceptualizacja-w-terapii-schematu-webinar\\\/\",\"url\":\"https:\\\/\\\/e-schema.pl\\\/en\\\/produkt\\\/konceptualizacja-w-terapii-schematu-webinar\\\/\",\"name\":\"Webinar: Konceptualizacja w Terapii Schematu - e-schema\",\"isPartOf\":{\"@id\":\"https:\\\/\\\/e-schema.pl\\\/en\\\/#website\"},\"primaryImageOfPage\":{\"@id\":\"https:\\\/\\\/e-schema.pl\\\/en\\\/produkt\\\/konceptualizacja-w-terapii-schematu-webinar\\\/#primaryimage\"},\"image\":{\"@id\":\"https:\\\/\\\/e-schema.pl\\\/en\\\/produkt\\\/konceptualizacja-w-terapii-schematu-webinar\\\/#primaryimage\"},\"thumbnailUrl\":\"https:\\\/\\\/e-schema.pl\\\/wp-content\\\/uploads\\\/2025\\\/05\\\/White-and-Beige-Minimalist-Tablet-Product-Mockup-Instagram-Post-1.png\",\"datePublished\":\"2026-04-04T21:56:00+00:00\",\"dateModified\":\"2026-04-04T21:56:01+00:00\",\"description\":\"Niemal 2-godzinny webinar po\u015bwi\u0119cony konceptualizacji przypadku to praktyczne i uporz\u0105dkowane wprowadzenie do tego jak tworzy\u0107 sp\u00f3jn\u0105 konceptualizacj\u0119.\",\"breadcrumb\":{\"@id\":\"https:\\\/\\\/e-schema.pl\\\/en\\\/produkt\\\/konceptualizacja-w-terapii-schematu-webinar\\\/#breadcrumb\"},\"inLanguage\":\"en-US\",\"potentialAction\":[{\"@type\":\"ReadAction\",\"target\":[\"https:\\\/\\\/e-schema.pl\\\/en\\\/produkt\\\/konceptualizacja-w-terapii-schematu-webinar\\\/\"]}]},{\"@type\":\"ImageObject\",\"inLanguage\":\"en-US\",\"@id\":\"https:\\\/\\\/e-schema.pl\\\/en\\\/produkt\\\/konceptualizacja-w-terapii-schematu-webinar\\\/#primaryimage\",\"url\":\"https:\\\/\\\/e-schema.pl\\\/wp-content\\\/uploads\\\/2025\\\/05\\\/White-and-Beige-Minimalist-Tablet-Product-Mockup-Instagram-Post-1.png\",\"contentUrl\":\"https:\\\/\\\/e-schema.pl\\\/wp-content\\\/uploads\\\/2025\\\/05\\\/White-and-Beige-Minimalist-Tablet-Product-Mockup-Instagram-Post-1.png\",\"width\":1080,\"height\":1080},{\"@type\":\"BreadcrumbList\",\"@id\":\"https:\\\/\\\/e-schema.pl\\\/en\\\/produkt\\\/konceptualizacja-w-terapii-schematu-webinar\\\/#breadcrumb\",\"itemListElement\":[{\"@type\":\"ListItem\",\"position\":1,\"name\":\"Strona g\u0142\u00f3wna\",\"item\":\"https:\\\/\\\/e-schema.pl\\\/en\\\/home\\\/\"},{\"@type\":\"ListItem\",\"position\":2,\"name\":\"Shop\",\"item\":\"https:\\\/\\\/e-schema.pl\\\/en\\\/shop\\\/\"},{\"@type\":\"ListItem\",\"position\":3,\"name\":\"Konceptualizacja w Terapii Schematu- Webinar\"}]},{\"@type\":\"WebSite\",\"@id\":\"https:\\\/\\\/e-schema.pl\\\/en\\\/#website\",\"url\":\"https:\\\/\\\/e-schema.pl\\\/en\\\/\",\"name\":\"E-schema\",\"description\":\"\",\"publisher\":{\"@id\":\"https:\\\/\\\/e-schema.pl\\\/en\\\/#organization\"},\"potentialAction\":[{\"@type\":\"SearchAction\",\"target\":{\"@type\":\"EntryPoint\",\"urlTemplate\":\"https:\\\/\\\/e-schema.pl\\\/en\\\/?s={search_term_string}\"},\"query-input\":{\"@type\":\"PropertyValueSpecification\",\"valueRequired\":true,\"valueName\":\"search_term_string\"}}],\"inLanguage\":\"en-US\"},{\"@type\":\"Organization\",\"@id\":\"https:\\\/\\\/e-schema.pl\\\/en\\\/#organization\",\"name\":\"E-schema\",\"url\":\"https:\\\/\\\/e-schema.pl\\\/en\\\/\",\"logo\":{\"@type\":\"ImageObject\",\"inLanguage\":\"en-US\",\"@id\":\"https:\\\/\\\/e-schema.pl\\\/en\\\/#\\\/schema\\\/logo\\\/image\\\/\",\"url\":\"https:\\\/\\\/e-schema.pl\\\/wp-content\\\/uploads\\\/2024\\\/07\\\/logo_clear.png\",\"contentUrl\":\"https:\\\/\\\/e-schema.pl\\\/wp-content\\\/uploads\\\/2024\\\/07\\\/logo_clear.png\",\"width\":785,\"height\":933,\"caption\":\"E-schema\"},\"image\":{\"@id\":\"https:\\\/\\\/e-schema.pl\\\/en\\\/#\\\/schema\\\/logo\\\/image\\\/\"}}]}<\/script>\n<!-- \/ Yoast SEO plugin. -->","yoast_head_json":{"title":"Webinar: Konceptualizacja w Terapii Schematu - e-schema","description":"Niemal 2-godzinny webinar po\u015bwi\u0119cony konceptualizacji przypadku to praktyczne i uporz\u0105dkowane wprowadzenie do tego jak tworzy\u0107 sp\u00f3jn\u0105 konceptualizacj\u0119.","robots":{"index":"index","follow":"follow","max-snippet":"max-snippet:-1","max-image-preview":"max-image-preview:large","max-video-preview":"max-video-preview:-1"},"canonical":"https:\/\/e-schema.pl\/en\/produkt\/konceptualizacja-w-terapii-schematu-webinar\/","og_locale":"en_US","og_type":"article","og_title":"Webinar: Konceptualizacja w Terapii Schematu - e-schema","og_description":"Niemal 2-godzinny webinar po\u015bwi\u0119cony konceptualizacji przypadku to praktyczne i uporz\u0105dkowane wprowadzenie do tego jak tworzy\u0107 sp\u00f3jn\u0105 konceptualizacj\u0119.","og_url":"https:\/\/e-schema.pl\/en\/produkt\/konceptualizacja-w-terapii-schematu-webinar\/","og_site_name":"e-schema","article_modified_time":"2026-04-04T21:56:01+00:00","og_image":[{"width":1080,"height":1080,"url":"https:\/\/e-schema.pl\/wp-content\/uploads\/2025\/05\/White-and-Beige-Minimalist-Tablet-Product-Mockup-Instagram-Post-1.png","type":"image\/png"}],"twitter_card":"summary_large_image","twitter_misc":{"Est. reading time":"2 minutes"},"schema":{"@context":"https:\/\/schema.org","@graph":[{"@type":"WebPage","@id":"https:\/\/e-schema.pl\/en\/produkt\/konceptualizacja-w-terapii-schematu-webinar\/","url":"https:\/\/e-schema.pl\/en\/produkt\/konceptualizacja-w-terapii-schematu-webinar\/","name":"Webinar: Konceptualizacja w Terapii Schematu - e-schema","isPartOf":{"@id":"https:\/\/e-schema.pl\/en\/#website"},"primaryImageOfPage":{"@id":"https:\/\/e-schema.pl\/en\/produkt\/konceptualizacja-w-terapii-schematu-webinar\/#primaryimage"},"image":{"@id":"https:\/\/e-schema.pl\/en\/produkt\/konceptualizacja-w-terapii-schematu-webinar\/#primaryimage"},"thumbnailUrl":"https:\/\/e-schema.pl\/wp-content\/uploads\/2025\/05\/White-and-Beige-Minimalist-Tablet-Product-Mockup-Instagram-Post-1.png","datePublished":"2026-04-04T21:56:00+00:00","dateModified":"2026-04-04T21:56:01+00:00","description":"Niemal 2-godzinny webinar po\u015bwi\u0119cony konceptualizacji przypadku to praktyczne i uporz\u0105dkowane wprowadzenie do tego jak tworzy\u0107 sp\u00f3jn\u0105 konceptualizacj\u0119.","breadcrumb":{"@id":"https:\/\/e-schema.pl\/en\/produkt\/konceptualizacja-w-terapii-schematu-webinar\/#breadcrumb"},"inLanguage":"en-US","potentialAction":[{"@type":"ReadAction","target":["https:\/\/e-schema.pl\/en\/produkt\/konceptualizacja-w-terapii-schematu-webinar\/"]}]},{"@type":"ImageObject","inLanguage":"en-US","@id":"https:\/\/e-schema.pl\/en\/produkt\/konceptualizacja-w-terapii-schematu-webinar\/#primaryimage","url":"https:\/\/e-schema.pl\/wp-content\/uploads\/2025\/05\/White-and-Beige-Minimalist-Tablet-Product-Mockup-Instagram-Post-1.png","contentUrl":"https:\/\/e-schema.pl\/wp-content\/uploads\/2025\/05\/White-and-Beige-Minimalist-Tablet-Product-Mockup-Instagram-Post-1.png","width":1080,"height":1080},{"@type":"BreadcrumbList","@id":"https:\/\/e-schema.pl\/en\/produkt\/konceptualizacja-w-terapii-schematu-webinar\/#breadcrumb","itemListElement":[{"@type":"ListItem","position":1,"name":"Strona g\u0142\u00f3wna","item":"https:\/\/e-schema.pl\/en\/home\/"},{"@type":"ListItem","position":2,"name":"Shop","item":"https:\/\/e-schema.pl\/en\/shop\/"},{"@type":"ListItem","position":3,"name":"Konceptualizacja w Terapii Schematu- Webinar"}]},{"@type":"WebSite","@id":"https:\/\/e-schema.pl\/en\/#website","url":"https:\/\/e-schema.pl\/en\/","name":"E-schema","description":"","publisher":{"@id":"https:\/\/e-schema.pl\/en\/#organization"},"potentialAction":[{"@type":"SearchAction","target":{"@type":"EntryPoint","urlTemplate":"https:\/\/e-schema.pl\/en\/?s={search_term_string}"},"query-input":{"@type":"PropertyValueSpecification","valueRequired":true,"valueName":"search_term_string"}}],"inLanguage":"en-US"},{"@type":"Organization","@id":"https:\/\/e-schema.pl\/en\/#organization","name":"E-schema","url":"https:\/\/e-schema.pl\/en\/","logo":{"@type":"ImageObject","inLanguage":"en-US","@id":"https:\/\/e-schema.pl\/en\/#\/schema\/logo\/image\/","url":"https:\/\/e-schema.pl\/wp-content\/uploads\/2024\/07\/logo_clear.png","contentUrl":"https:\/\/e-schema.pl\/wp-content\/uploads\/2024\/07\/logo_clear.png","width":785,"height":933,"caption":"E-schema"},"image":{"@id":"https:\/\/e-schema.pl\/en\/#\/schema\/logo\/image\/"}}]}},"_links":{"self":[{"href":"https:\/\/e-schema.pl\/en\/wp-json\/wp\/v2\/product\/6410","targetHints":{"allow":["GET"]}}],"collection":[{"href":"https:\/\/e-schema.pl\/en\/wp-json\/wp\/v2\/product"}],"about":[{"href":"https:\/\/e-schema.pl\/en\/wp-json\/wp\/v2\/types\/product"}],"wp:featuredmedia":[{"embeddable":true,"href":"https:\/\/e-schema.pl\/en\/wp-json\/wp\/v2\/media\/6389"}],"wp:attachment":[{"href":"https:\/\/e-schema.pl\/en\/wp-json\/wp\/v2\/media?parent=6410"}],"wp:term":[{"taxonomy":"product_brand","embeddable":true,"href":"https:\/\/e-schema.pl\/en\/wp-json\/wp\/v2\/product_brand?post=6410"},{"taxonomy":"product_cat","embeddable":true,"href":"https:\/\/e-schema.pl\/en\/wp-json\/wp\/v2\/product_cat?post=6410"},{"taxonomy":"product_tag","embeddable":true,"href":"https:\/\/e-schema.pl\/en\/wp-json\/wp\/v2\/product_tag?post=6410"}],"curies":[{"name":"wp","href":"https:\/\/api.w.org\/{rel}","templated":true}]}}