{"id":5947,"date":"2026-02-23T18:41:56","date_gmt":"2026-02-23T17:41:56","guid":{"rendered":"https:\/\/e-schema.pl\/?post_type=product&#038;p=5947"},"modified":"2026-02-23T19:17:08","modified_gmt":"2026-02-23T18:17:08","slug":"karty-pracy-ze-wstydem","status":"publish","type":"product","link":"https:\/\/e-schema.pl\/en\/produkt\/karty-pracy-ze-wstydem\/","title":{"rendered":"&#8220;Wstyd, kt\u00f3ry do mnie nie nale\u017cy&#8221; &#8211; Karty pracy &#8211; Darmowy Produkt do Pobrania"},"content":{"rendered":"<h3>Terapeutyczne Karty Pracy: Wstyd, kt\u00f3ry do mnie nie nale\u017cy<\/h3>\n<p>Podczas jednej z naszych rozm\u00f3w z Mart\u0105 zatrzyma\u0142y\u015bmy si\u0119 przy temacie <strong>odzwierciedlonego wstydu rodzica<\/strong> . Tego, kt\u00f3ry nie rodzi si\u0119 w dziecku, ale zostaje w nim zaszczepiony poprzez komunikaty, ton g\u0142osu, spojrzenia, napi\u0119cie czy niespe\u0142nione oczekiwania doros\u0142ych.<\/p>\n<p>Czasami to nie by\u0142 \u201em\u00f3j wstyd\u201d.<br \/>\nTo by\u0142 wstyd mamy.<br \/>\nWstyd taty.<br \/>\nIch l\u0119k, bezradno\u015b\u0107, potrzeba kontroli czy perfekcjonizm.<\/p>\n<p>Dziecko jednak nie ma narz\u0119dzi, by to rozr\u00f3\u017cni\u0107. Ufa. I przyjmuje to jako prawd\u0119 o sobie.<\/p>\n<p>W naszej pracy terapeutycznej widzimy, jak bardzo <strong>odkrycie i odseparowanie si\u0119 od tych przej\u0119tych emocji<\/strong> potrafi by\u0107 otwieraj\u0105ce dla pacjent\u00f3w. Kiedy pojawia si\u0119 zdanie:<br \/>\n\u201eTo nie nale\u017ca\u0142o do mnie\u201d &#8211; cz\u0119sto zmienia si\u0119 postawa cia\u0142a, oddech, spos\u00f3b patrzenia na siebie.<\/p>\n<p>Dlatego dzielimy si\u0119 z Wami naszymi kartami pracy dotycz\u0105cymi \u201ewstydu, kt\u00f3ry do mnie nie nale\u017cy\u201d \u2013 zar\u00f3wno w wersji rozumienia, jak i wyobra\u017ceniowej.<\/p>\n<p>Potraktujcie je jako <strong>inspiracj\u0119 do w\u0142asnych eksploracji terapeutycznych<\/strong> &#8211; do rozm\u00f3w z Wra\u017cliwym Dzieckiem, do pracy z introjektami rodzicielskimi, do oddzielania tego, co naprawd\u0119 jest \u201emoje\u201d, od tego, co zosta\u0142o przej\u0119te.<\/p>\n<p>Czasami najwi\u0119ksza ulga zaczyna si\u0119 od prostego rozr\u00f3\u017cnienia.<\/p>\n","protected":false},"excerpt":{"rendered":"<p>Karty Pracy dotycz\u0105ce \u201ewstydu, kt\u00f3ry do mnie nie nale\u017cy\u201d \u2013 zar\u00f3wno w wersji rozumienia, jak i wyobra\u017ceniowej.<\/p>\n<p>Potraktujcie je jako inspiracj\u0119 do w\u0142asnych eksploracji terapeutycznych &#8211; do rozm\u00f3w z Wra\u017cliwym Dzieckiem, do pracy z introjektami rodzicielskimi, do oddzielania tego, co naprawd\u0119 jest \u201emoje\u201d, od tego, co zosta\u0142o przej\u0119te<\/p>\n","protected":false},"featured_media":5950,"template":"","meta":{"_acf_changed":false},"product_brand":[],"product_cat":[15],"product_tag":[128,151,131,145,150,148,144,143,127,146,115,152],"class_list":{"0":"post-5947","1":"product","2":"type-product","3":"status-publish","4":"has-post-thumbnail","6":"product_cat-bez-kategorii","7":"product_tag-cwiczenia","8":"product_tag-karty-pracy","9":"product_tag-materialy-szkoleniowe","10":"product_tag-online","11":"product_tag-produkt-wirtualny","12":"product_tag-psycho","13":"product_tag-psychologia","14":"product_tag-psychoterapia","15":"product_tag-reskrypcja-wyobrazeniowa","16":"product_tag-schemat","17":"product_tag-terapia-schematu","18":"product_tag-wstyd","20":"first","21":"instock","22":"downloadable","23":"virtual","24":"purchasable","25":"product-type-simple"},"acf":[],"yoast_head":"<!-- This site is optimized with the Yoast SEO plugin v27.4 - https:\/\/yoast.com\/product\/yoast-seo-wordpress\/ -->\n<title>Terapeutyczne Karty Pracy: Wstyd, kt\u00f3ry do mnie nie nale\u017cy - e-schema<\/title>\n<meta name=\"description\" content=\"Karty Pracy dotycz\u0105ce \u201ewstydu, kt\u00f3ry do mnie nie nale\u017cy\u201d \u2013 zar\u00f3wno w wersji rozumienia, jak i wyobra\u017ceniowej.\" \/>\n<meta name=\"robots\" content=\"index, follow, max-snippet:-1, max-image-preview:large, max-video-preview:-1\" \/>\n<link rel=\"canonical\" href=\"https:\/\/e-schema.pl\/en\/produkt\/karty-pracy-ze-wstydem\/\" \/>\n<meta property=\"og:locale\" content=\"en_US\" \/>\n<meta property=\"og:type\" content=\"article\" \/>\n<meta property=\"og:title\" content=\"Terapeutyczne Karty Pracy: Wstyd, kt\u00f3ry do mnie nie nale\u017cy - e-schema\" \/>\n<meta property=\"og:description\" content=\"Karty Pracy dotycz\u0105ce \u201ewstydu, kt\u00f3ry do mnie nie nale\u017cy\u201d \u2013 zar\u00f3wno w wersji rozumienia, jak i wyobra\u017ceniowej.\" \/>\n<meta property=\"og:url\" content=\"https:\/\/e-schema.pl\/en\/produkt\/karty-pracy-ze-wstydem\/\" \/>\n<meta property=\"og:site_name\" content=\"e-schema\" \/>\n<meta property=\"article:modified_time\" content=\"2026-02-23T18:17:08+00:00\" \/>\n<meta property=\"og:image\" content=\"https:\/\/e-schema.pl\/wp-content\/uploads\/2026\/02\/White-and-Beige-Minimalist-Tablet-Product-Mockup-Instagram-Post.png\" \/>\n\t<meta property=\"og:image:width\" content=\"1080\" \/>\n\t<meta property=\"og:image:height\" content=\"1080\" \/>\n\t<meta property=\"og:image:type\" content=\"image\/png\" \/>\n<meta name=\"twitter:card\" content=\"summary_large_image\" \/>\n<meta name=\"twitter:label1\" content=\"Est. reading time\" \/>\n\t<meta name=\"twitter:data1\" content=\"2 minutes\" \/>\n<script type=\"application\/ld+json\" class=\"yoast-schema-graph\">{\"@context\":\"https:\\\/\\\/schema.org\",\"@graph\":[{\"@type\":\"WebPage\",\"@id\":\"https:\\\/\\\/e-schema.pl\\\/en\\\/produkt\\\/karty-pracy-ze-wstydem\\\/\",\"url\":\"https:\\\/\\\/e-schema.pl\\\/en\\\/produkt\\\/karty-pracy-ze-wstydem\\\/\",\"name\":\"Terapeutyczne Karty Pracy: Wstyd, kt\u00f3ry do mnie nie nale\u017cy - e-schema\",\"isPartOf\":{\"@id\":\"https:\\\/\\\/e-schema.pl\\\/en\\\/#website\"},\"primaryImageOfPage\":{\"@id\":\"https:\\\/\\\/e-schema.pl\\\/en\\\/produkt\\\/karty-pracy-ze-wstydem\\\/#primaryimage\"},\"image\":{\"@id\":\"https:\\\/\\\/e-schema.pl\\\/en\\\/produkt\\\/karty-pracy-ze-wstydem\\\/#primaryimage\"},\"thumbnailUrl\":\"https:\\\/\\\/e-schema.pl\\\/wp-content\\\/uploads\\\/2026\\\/02\\\/White-and-Beige-Minimalist-Tablet-Product-Mockup-Instagram-Post.png\",\"datePublished\":\"2026-02-23T17:41:56+00:00\",\"dateModified\":\"2026-02-23T18:17:08+00:00\",\"description\":\"Karty Pracy dotycz\u0105ce \u201ewstydu, kt\u00f3ry do mnie nie nale\u017cy\u201d \u2013 zar\u00f3wno w wersji rozumienia, jak i wyobra\u017ceniowej.\",\"breadcrumb\":{\"@id\":\"https:\\\/\\\/e-schema.pl\\\/en\\\/produkt\\\/karty-pracy-ze-wstydem\\\/#breadcrumb\"},\"inLanguage\":\"en-US\",\"potentialAction\":[{\"@type\":\"ReadAction\",\"target\":[\"https:\\\/\\\/e-schema.pl\\\/en\\\/produkt\\\/karty-pracy-ze-wstydem\\\/\"]}]},{\"@type\":\"ImageObject\",\"inLanguage\":\"en-US\",\"@id\":\"https:\\\/\\\/e-schema.pl\\\/en\\\/produkt\\\/karty-pracy-ze-wstydem\\\/#primaryimage\",\"url\":\"https:\\\/\\\/e-schema.pl\\\/wp-content\\\/uploads\\\/2026\\\/02\\\/White-and-Beige-Minimalist-Tablet-Product-Mockup-Instagram-Post.png\",\"contentUrl\":\"https:\\\/\\\/e-schema.pl\\\/wp-content\\\/uploads\\\/2026\\\/02\\\/White-and-Beige-Minimalist-Tablet-Product-Mockup-Instagram-Post.png\",\"width\":1080,\"height\":1080},{\"@type\":\"BreadcrumbList\",\"@id\":\"https:\\\/\\\/e-schema.pl\\\/en\\\/produkt\\\/karty-pracy-ze-wstydem\\\/#breadcrumb\",\"itemListElement\":[{\"@type\":\"ListItem\",\"position\":1,\"name\":\"Strona g\u0142\u00f3wna\",\"item\":\"https:\\\/\\\/e-schema.pl\\\/en\\\/home\\\/\"},{\"@type\":\"ListItem\",\"position\":2,\"name\":\"Shop\",\"item\":\"https:\\\/\\\/e-schema.pl\\\/en\\\/shop\\\/\"},{\"@type\":\"ListItem\",\"position\":3,\"name\":\"&#8220;Wstyd, kt\u00f3ry do mnie nie nale\u017cy&#8221; &#8211; Karty pracy &#8211; Darmowy Produkt do Pobrania\"}]},{\"@type\":\"WebSite\",\"@id\":\"https:\\\/\\\/e-schema.pl\\\/en\\\/#website\",\"url\":\"https:\\\/\\\/e-schema.pl\\\/en\\\/\",\"name\":\"E-schema\",\"description\":\"\",\"publisher\":{\"@id\":\"https:\\\/\\\/e-schema.pl\\\/en\\\/#organization\"},\"potentialAction\":[{\"@type\":\"SearchAction\",\"target\":{\"@type\":\"EntryPoint\",\"urlTemplate\":\"https:\\\/\\\/e-schema.pl\\\/en\\\/?s={search_term_string}\"},\"query-input\":{\"@type\":\"PropertyValueSpecification\",\"valueRequired\":true,\"valueName\":\"search_term_string\"}}],\"inLanguage\":\"en-US\"},{\"@type\":\"Organization\",\"@id\":\"https:\\\/\\\/e-schema.pl\\\/en\\\/#organization\",\"name\":\"E-schema\",\"url\":\"https:\\\/\\\/e-schema.pl\\\/en\\\/\",\"logo\":{\"@type\":\"ImageObject\",\"inLanguage\":\"en-US\",\"@id\":\"https:\\\/\\\/e-schema.pl\\\/en\\\/#\\\/schema\\\/logo\\\/image\\\/\",\"url\":\"https:\\\/\\\/e-schema.pl\\\/wp-content\\\/uploads\\\/2024\\\/07\\\/logo_clear.png\",\"contentUrl\":\"https:\\\/\\\/e-schema.pl\\\/wp-content\\\/uploads\\\/2024\\\/07\\\/logo_clear.png\",\"width\":785,\"height\":933,\"caption\":\"E-schema\"},\"image\":{\"@id\":\"https:\\\/\\\/e-schema.pl\\\/en\\\/#\\\/schema\\\/logo\\\/image\\\/\"}}]}<\/script>\n<!-- \/ Yoast SEO plugin. -->","yoast_head_json":{"title":"Terapeutyczne Karty Pracy: Wstyd, kt\u00f3ry do mnie nie nale\u017cy - e-schema","description":"Karty Pracy dotycz\u0105ce \u201ewstydu, kt\u00f3ry do mnie nie nale\u017cy\u201d \u2013 zar\u00f3wno w wersji rozumienia, jak i wyobra\u017ceniowej.","robots":{"index":"index","follow":"follow","max-snippet":"max-snippet:-1","max-image-preview":"max-image-preview:large","max-video-preview":"max-video-preview:-1"},"canonical":"https:\/\/e-schema.pl\/en\/produkt\/karty-pracy-ze-wstydem\/","og_locale":"en_US","og_type":"article","og_title":"Terapeutyczne Karty Pracy: Wstyd, kt\u00f3ry do mnie nie nale\u017cy - e-schema","og_description":"Karty Pracy dotycz\u0105ce \u201ewstydu, kt\u00f3ry do mnie nie nale\u017cy\u201d \u2013 zar\u00f3wno w wersji rozumienia, jak i wyobra\u017ceniowej.","og_url":"https:\/\/e-schema.pl\/en\/produkt\/karty-pracy-ze-wstydem\/","og_site_name":"e-schema","article_modified_time":"2026-02-23T18:17:08+00:00","og_image":[{"width":1080,"height":1080,"url":"https:\/\/e-schema.pl\/wp-content\/uploads\/2026\/02\/White-and-Beige-Minimalist-Tablet-Product-Mockup-Instagram-Post.png","type":"image\/png"}],"twitter_card":"summary_large_image","twitter_misc":{"Est. reading time":"2 minutes"},"schema":{"@context":"https:\/\/schema.org","@graph":[{"@type":"WebPage","@id":"https:\/\/e-schema.pl\/en\/produkt\/karty-pracy-ze-wstydem\/","url":"https:\/\/e-schema.pl\/en\/produkt\/karty-pracy-ze-wstydem\/","name":"Terapeutyczne Karty Pracy: Wstyd, kt\u00f3ry do mnie nie nale\u017cy - e-schema","isPartOf":{"@id":"https:\/\/e-schema.pl\/en\/#website"},"primaryImageOfPage":{"@id":"https:\/\/e-schema.pl\/en\/produkt\/karty-pracy-ze-wstydem\/#primaryimage"},"image":{"@id":"https:\/\/e-schema.pl\/en\/produkt\/karty-pracy-ze-wstydem\/#primaryimage"},"thumbnailUrl":"https:\/\/e-schema.pl\/wp-content\/uploads\/2026\/02\/White-and-Beige-Minimalist-Tablet-Product-Mockup-Instagram-Post.png","datePublished":"2026-02-23T17:41:56+00:00","dateModified":"2026-02-23T18:17:08+00:00","description":"Karty Pracy dotycz\u0105ce \u201ewstydu, kt\u00f3ry do mnie nie nale\u017cy\u201d \u2013 zar\u00f3wno w wersji rozumienia, jak i wyobra\u017ceniowej.","breadcrumb":{"@id":"https:\/\/e-schema.pl\/en\/produkt\/karty-pracy-ze-wstydem\/#breadcrumb"},"inLanguage":"en-US","potentialAction":[{"@type":"ReadAction","target":["https:\/\/e-schema.pl\/en\/produkt\/karty-pracy-ze-wstydem\/"]}]},{"@type":"ImageObject","inLanguage":"en-US","@id":"https:\/\/e-schema.pl\/en\/produkt\/karty-pracy-ze-wstydem\/#primaryimage","url":"https:\/\/e-schema.pl\/wp-content\/uploads\/2026\/02\/White-and-Beige-Minimalist-Tablet-Product-Mockup-Instagram-Post.png","contentUrl":"https:\/\/e-schema.pl\/wp-content\/uploads\/2026\/02\/White-and-Beige-Minimalist-Tablet-Product-Mockup-Instagram-Post.png","width":1080,"height":1080},{"@type":"BreadcrumbList","@id":"https:\/\/e-schema.pl\/en\/produkt\/karty-pracy-ze-wstydem\/#breadcrumb","itemListElement":[{"@type":"ListItem","position":1,"name":"Strona g\u0142\u00f3wna","item":"https:\/\/e-schema.pl\/en\/home\/"},{"@type":"ListItem","position":2,"name":"Shop","item":"https:\/\/e-schema.pl\/en\/shop\/"},{"@type":"ListItem","position":3,"name":"&#8220;Wstyd, kt\u00f3ry do mnie nie nale\u017cy&#8221; &#8211; Karty pracy &#8211; Darmowy Produkt do Pobrania"}]},{"@type":"WebSite","@id":"https:\/\/e-schema.pl\/en\/#website","url":"https:\/\/e-schema.pl\/en\/","name":"E-schema","description":"","publisher":{"@id":"https:\/\/e-schema.pl\/en\/#organization"},"potentialAction":[{"@type":"SearchAction","target":{"@type":"EntryPoint","urlTemplate":"https:\/\/e-schema.pl\/en\/?s={search_term_string}"},"query-input":{"@type":"PropertyValueSpecification","valueRequired":true,"valueName":"search_term_string"}}],"inLanguage":"en-US"},{"@type":"Organization","@id":"https:\/\/e-schema.pl\/en\/#organization","name":"E-schema","url":"https:\/\/e-schema.pl\/en\/","logo":{"@type":"ImageObject","inLanguage":"en-US","@id":"https:\/\/e-schema.pl\/en\/#\/schema\/logo\/image\/","url":"https:\/\/e-schema.pl\/wp-content\/uploads\/2024\/07\/logo_clear.png","contentUrl":"https:\/\/e-schema.pl\/wp-content\/uploads\/2024\/07\/logo_clear.png","width":785,"height":933,"caption":"E-schema"},"image":{"@id":"https:\/\/e-schema.pl\/en\/#\/schema\/logo\/image\/"}}]}},"_links":{"self":[{"href":"https:\/\/e-schema.pl\/en\/wp-json\/wp\/v2\/product\/5947","targetHints":{"allow":["GET"]}}],"collection":[{"href":"https:\/\/e-schema.pl\/en\/wp-json\/wp\/v2\/product"}],"about":[{"href":"https:\/\/e-schema.pl\/en\/wp-json\/wp\/v2\/types\/product"}],"wp:featuredmedia":[{"embeddable":true,"href":"https:\/\/e-schema.pl\/en\/wp-json\/wp\/v2\/media\/5950"}],"wp:attachment":[{"href":"https:\/\/e-schema.pl\/en\/wp-json\/wp\/v2\/media?parent=5947"}],"wp:term":[{"taxonomy":"product_brand","embeddable":true,"href":"https:\/\/e-schema.pl\/en\/wp-json\/wp\/v2\/product_brand?post=5947"},{"taxonomy":"product_cat","embeddable":true,"href":"https:\/\/e-schema.pl\/en\/wp-json\/wp\/v2\/product_cat?post=5947"},{"taxonomy":"product_tag","embeddable":true,"href":"https:\/\/e-schema.pl\/en\/wp-json\/wp\/v2\/product_tag?post=5947"}],"curies":[{"name":"wp","href":"https:\/\/api.w.org\/{rel}","templated":true}]}}