{"id":5258,"date":"2025-11-06T18:10:32","date_gmt":"2025-11-06T17:10:32","guid":{"rendered":"https:\/\/e-schema.pl\/?post_type=product&#038;p=5258"},"modified":"2026-04-20T11:50:57","modified_gmt":"2026-04-20T09:50:57","slug":"kompletny-zestaw-kart-potrzeb-i-trybow","status":"publish","type":"product","link":"https:\/\/e-schema.pl\/en\/produkt\/kompletny-zestaw-kart-potrzeb-i-trybow\/","title":{"rendered":"Kompletny Zestaw Kart Potrzeb i Tryb\u00f3w"},"content":{"rendered":"<div class=\"elementor-element elementor-element-07ed19a elementor-widget elementor-widget-text-editor\" data-id=\"07ed19a\" data-element_type=\"widget\" data-widget_type=\"text-editor.default\">\n<div class=\"elementor-widget-container\">\n<p><b>Zestaw Kart Potrzeb i\u00a0Tryb\u00f3w<\/b> to\u00a0kompleksowe, praktyczne narz\u0119dzie stworzone z\u00a0my\u015bl\u0105 o\u00a0psychoterapeutach, psychologach i\u00a0studentach kierunk\u00f3w pomocowych pracuj\u0105cych w\u00a0nurcie terapii schemat\u00f3w. Zosta\u0142 opracowany tak, aby wspiera\u0107 zar\u00f3wno proces terapeutyczny, jak i\u00a0rozw\u00f3j osobisty pacjenta, pomagaj\u0105c mu\u00a0w\u00a0identyfikacji podstawowych potrzeb emocjonalnych oraz\u00a0aktywnych tryb\u00f3w.Dzi\u0119ki po\u0142\u0105czeniu materia\u0142\u00f3w fizycznych i\u00a0wirtualnych, zestaw pozwala na\u00a0elastyczne prowadzenie pracy \u2013 zar\u00f3wno w\u00a0gabinecie, jak i\u00a0w\u00a0terapii online. To\u00a0unikalne kompendium, kt\u00f3re \u0142\u0105czy teori\u0119, praktyk\u0119 i\u00a0do\u015bwiadczenie terapeutyczne w\u00a0sp\u00f3jn\u0105, przemy\u015blan\u0105 ca\u0142o\u015b\u0107.<\/p>\n<div class=\"elementor-element elementor-element-cc2fa50 elementor-widget__width-inherit elementor-widget elementor-widget-heading\" data-id=\"cc2fa50\" data-element_type=\"widget\" data-widget_type=\"heading.default\">\n<div class=\"elementor-widget-container\">\n<h2 class=\"elementor-heading-title elementor-size-default\">Zestaw zawiera:<\/h2>\n<\/div>\n<\/div>\n<div class=\"elementor-element elementor-element-bae3ec2 elementor-mobile-align-left elementor-icon-list--layout-traditional elementor-list-item-link-full_width elementor-widget elementor-widget-icon-list\" data-id=\"bae3ec2\" data-element_type=\"widget\" data-widget_type=\"icon-list.default\">\n<div class=\"elementor-widget-container\">\n<ul class=\"elementor-icon-list-items\">\n<li class=\"elementor-icon-list-item\"><span class=\"elementor-icon-list-text\">Zestaw Kart Potrzeb i\u00a0Tryb\u00f3w \u2013 58 kart w\u00a0formie fizycznej (wysy\u0142ane do\u00a0wybranego paczkomatu) oraz\u00a0w\u00a0wersji wirtualnej, dost\u0119pnej do\u00a0pobrania natychmiast po\u00a0zakupie.<\/span><\/li>\n<li class=\"elementor-icon-list-item\"><span class=\"elementor-icon-list-text\">Przewodnik Terapeuty po\u00a0Kartach Potrzeb i\u00a0Tryb\u00f3w \u2013 300-stronicowa ksi\u0105\u017cka w\u00a0mi\u0119kkiej oprawie, stanowi\u0105ca praktyczny podr\u0119cznik do\u00a0pracy z\u00a0kartami, zawieraj\u0105cy opisy tryb\u00f3w, potrzeb i\u00a0wskaz\u00f3wki do\u00a0pracy z\u00a0pacjentem.<\/span><\/li>\n<li class=\"elementor-icon-list-item\"><span class=\"elementor-icon-list-text\">Zestaw Wirtualnych Materia\u0142\u00f3w w\u00a0formacie PDF do\u00a0pracy z\u00a0pacjentem \u2013 60 plik\u00f3w psychoedukacyjnych dotycz\u0105cych tryb\u00f3w, schemat\u00f3w i\u00a0potrzeb oraz\u00a034 karty pracy z\u00a0\u0107wiczeniami wspieraj\u0105cymi proces terapeutyczny.<\/span><\/li>\n<\/ul>\n<\/div>\n<\/div>\n<p><strong>UWAGA! Materia\u0142y cyfrowe otrzymasz natychmiast po zaksi\u0119gowaniu p\u0142atno\u015bci. Ksi\u0105\u017ck\u0119 oraz karty otrzymasz w 24-72h w dni robocze.\u00a0<\/strong><\/p>\n<\/div>\n<\/div>\n","protected":false},"excerpt":{"rendered":"<p>To praktyczne narz\u0119dzie dla specjalist\u00f3w pracuj\u0105cych w nurcie terapii schemat\u00f3w, wspieraj\u0105ce zar\u00f3wno proces terapeutyczny, jak i rozw\u00f3j osobisty pacjenta. U\u0142atwia identyfikacj\u0119 podstawowych potrzeb emocjonalnych oraz aktywnych tryb\u00f3w, \u0142\u0105cz\u0105c teori\u0119 z praktyk\u0105 kliniczn\u0105. Pozwala na elastyczn\u0105 prac\u0119 w gabinecie i terapii zdalnej.<\/p>\n","protected":false},"featured_media":5221,"template":"","meta":{"_acf_changed":false},"product_brand":[],"product_cat":[15],"product_tag":[149],"class_list":{"0":"post-5258","1":"product","2":"type-product","3":"status-publish","4":"has-post-thumbnail","6":"product_cat-bez-kategorii","7":"product_tag-landing","9":"first","10":"instock","11":"taxable","12":"shipping-taxable","13":"purchasable","14":"product-type-variable"},"acf":[],"yoast_head":"<!-- This site is optimized with the Yoast SEO plugin v27.4 - https:\/\/yoast.com\/product\/yoast-seo-wordpress\/ -->\n<title>Kompletny Zestaw Kart Potrzeb i Tryb\u00f3w - e-schema<\/title>\n<meta name=\"robots\" content=\"index, follow, max-snippet:-1, max-image-preview:large, max-video-preview:-1\" \/>\n<link rel=\"canonical\" href=\"https:\/\/e-schema.pl\/en\/produkt\/kompletny-zestaw-kart-potrzeb-i-trybow\/\" \/>\n<meta property=\"og:locale\" content=\"en_US\" \/>\n<meta property=\"og:type\" content=\"article\" \/>\n<meta property=\"og:title\" content=\"Kompletny Zestaw Kart Potrzeb i Tryb\u00f3w - e-schema\" \/>\n<meta property=\"og:description\" content=\"To praktyczne narz\u0119dzie dla specjalist\u00f3w pracuj\u0105cych w nurcie terapii schemat\u00f3w, wspieraj\u0105ce zar\u00f3wno proces terapeutyczny, jak i rozw\u00f3j osobisty pacjenta. U\u0142atwia identyfikacj\u0119 podstawowych potrzeb emocjonalnych oraz aktywnych tryb\u00f3w, \u0142\u0105cz\u0105c teori\u0119 z praktyk\u0105 kliniczn\u0105. Pozwala na elastyczn\u0105 prac\u0119 w gabinecie i terapii zdalnej.\" \/>\n<meta property=\"og:url\" content=\"https:\/\/e-schema.pl\/en\/produkt\/kompletny-zestaw-kart-potrzeb-i-trybow\/\" \/>\n<meta property=\"og:site_name\" content=\"e-schema\" \/>\n<meta property=\"article:modified_time\" content=\"2026-04-20T09:50:57+00:00\" \/>\n<meta property=\"og:image\" content=\"https:\/\/e-schema.pl\/wp-content\/uploads\/2025\/11\/Komplet.png\" \/>\n\t<meta property=\"og:image:width\" content=\"1080\" \/>\n\t<meta property=\"og:image:height\" content=\"1350\" \/>\n\t<meta property=\"og:image:type\" content=\"image\/png\" \/>\n<meta name=\"twitter:card\" content=\"summary_large_image\" \/>\n<meta name=\"twitter:label1\" content=\"Est. reading time\" \/>\n\t<meta name=\"twitter:data1\" content=\"2 minutes\" \/>\n<script type=\"application\/ld+json\" class=\"yoast-schema-graph\">{\"@context\":\"https:\\\/\\\/schema.org\",\"@graph\":[{\"@type\":\"WebPage\",\"@id\":\"https:\\\/\\\/e-schema.pl\\\/en\\\/produkt\\\/kompletny-zestaw-kart-potrzeb-i-trybow\\\/\",\"url\":\"https:\\\/\\\/e-schema.pl\\\/en\\\/produkt\\\/kompletny-zestaw-kart-potrzeb-i-trybow\\\/\",\"name\":\"Kompletny Zestaw Kart Potrzeb i Tryb\u00f3w - e-schema\",\"isPartOf\":{\"@id\":\"https:\\\/\\\/e-schema.pl\\\/en\\\/#website\"},\"primaryImageOfPage\":{\"@id\":\"https:\\\/\\\/e-schema.pl\\\/en\\\/produkt\\\/kompletny-zestaw-kart-potrzeb-i-trybow\\\/#primaryimage\"},\"image\":{\"@id\":\"https:\\\/\\\/e-schema.pl\\\/en\\\/produkt\\\/kompletny-zestaw-kart-potrzeb-i-trybow\\\/#primaryimage\"},\"thumbnailUrl\":\"https:\\\/\\\/e-schema.pl\\\/wp-content\\\/uploads\\\/2025\\\/11\\\/Komplet.png\",\"datePublished\":\"2025-11-06T17:10:32+00:00\",\"dateModified\":\"2026-04-20T09:50:57+00:00\",\"breadcrumb\":{\"@id\":\"https:\\\/\\\/e-schema.pl\\\/en\\\/produkt\\\/kompletny-zestaw-kart-potrzeb-i-trybow\\\/#breadcrumb\"},\"inLanguage\":\"en-US\",\"potentialAction\":[{\"@type\":\"ReadAction\",\"target\":[\"https:\\\/\\\/e-schema.pl\\\/en\\\/produkt\\\/kompletny-zestaw-kart-potrzeb-i-trybow\\\/\"]}]},{\"@type\":\"ImageObject\",\"inLanguage\":\"en-US\",\"@id\":\"https:\\\/\\\/e-schema.pl\\\/en\\\/produkt\\\/kompletny-zestaw-kart-potrzeb-i-trybow\\\/#primaryimage\",\"url\":\"https:\\\/\\\/e-schema.pl\\\/wp-content\\\/uploads\\\/2025\\\/11\\\/Komplet.png\",\"contentUrl\":\"https:\\\/\\\/e-schema.pl\\\/wp-content\\\/uploads\\\/2025\\\/11\\\/Komplet.png\",\"width\":1080,\"height\":1350},{\"@type\":\"BreadcrumbList\",\"@id\":\"https:\\\/\\\/e-schema.pl\\\/en\\\/produkt\\\/kompletny-zestaw-kart-potrzeb-i-trybow\\\/#breadcrumb\",\"itemListElement\":[{\"@type\":\"ListItem\",\"position\":1,\"name\":\"Strona g\u0142\u00f3wna\",\"item\":\"https:\\\/\\\/e-schema.pl\\\/en\\\/home\\\/\"},{\"@type\":\"ListItem\",\"position\":2,\"name\":\"Shop\",\"item\":\"https:\\\/\\\/e-schema.pl\\\/en\\\/shop\\\/\"},{\"@type\":\"ListItem\",\"position\":3,\"name\":\"Kompletny Zestaw Kart Potrzeb i Tryb\u00f3w\"}]},{\"@type\":\"WebSite\",\"@id\":\"https:\\\/\\\/e-schema.pl\\\/en\\\/#website\",\"url\":\"https:\\\/\\\/e-schema.pl\\\/en\\\/\",\"name\":\"E-schema\",\"description\":\"\",\"publisher\":{\"@id\":\"https:\\\/\\\/e-schema.pl\\\/en\\\/#organization\"},\"potentialAction\":[{\"@type\":\"SearchAction\",\"target\":{\"@type\":\"EntryPoint\",\"urlTemplate\":\"https:\\\/\\\/e-schema.pl\\\/en\\\/?s={search_term_string}\"},\"query-input\":{\"@type\":\"PropertyValueSpecification\",\"valueRequired\":true,\"valueName\":\"search_term_string\"}}],\"inLanguage\":\"en-US\"},{\"@type\":\"Organization\",\"@id\":\"https:\\\/\\\/e-schema.pl\\\/en\\\/#organization\",\"name\":\"E-schema\",\"url\":\"https:\\\/\\\/e-schema.pl\\\/en\\\/\",\"logo\":{\"@type\":\"ImageObject\",\"inLanguage\":\"en-US\",\"@id\":\"https:\\\/\\\/e-schema.pl\\\/en\\\/#\\\/schema\\\/logo\\\/image\\\/\",\"url\":\"https:\\\/\\\/e-schema.pl\\\/wp-content\\\/uploads\\\/2024\\\/07\\\/logo_clear.png\",\"contentUrl\":\"https:\\\/\\\/e-schema.pl\\\/wp-content\\\/uploads\\\/2024\\\/07\\\/logo_clear.png\",\"width\":785,\"height\":933,\"caption\":\"E-schema\"},\"image\":{\"@id\":\"https:\\\/\\\/e-schema.pl\\\/en\\\/#\\\/schema\\\/logo\\\/image\\\/\"}}]}<\/script>\n<!-- \/ Yoast SEO plugin. -->","yoast_head_json":{"title":"Kompletny Zestaw Kart Potrzeb i Tryb\u00f3w - e-schema","robots":{"index":"index","follow":"follow","max-snippet":"max-snippet:-1","max-image-preview":"max-image-preview:large","max-video-preview":"max-video-preview:-1"},"canonical":"https:\/\/e-schema.pl\/en\/produkt\/kompletny-zestaw-kart-potrzeb-i-trybow\/","og_locale":"en_US","og_type":"article","og_title":"Kompletny Zestaw Kart Potrzeb i Tryb\u00f3w - e-schema","og_description":"To praktyczne narz\u0119dzie dla specjalist\u00f3w pracuj\u0105cych w nurcie terapii schemat\u00f3w, wspieraj\u0105ce zar\u00f3wno proces terapeutyczny, jak i rozw\u00f3j osobisty pacjenta. U\u0142atwia identyfikacj\u0119 podstawowych potrzeb emocjonalnych oraz aktywnych tryb\u00f3w, \u0142\u0105cz\u0105c teori\u0119 z praktyk\u0105 kliniczn\u0105. Pozwala na elastyczn\u0105 prac\u0119 w gabinecie i terapii zdalnej.","og_url":"https:\/\/e-schema.pl\/en\/produkt\/kompletny-zestaw-kart-potrzeb-i-trybow\/","og_site_name":"e-schema","article_modified_time":"2026-04-20T09:50:57+00:00","og_image":[{"width":1080,"height":1350,"url":"https:\/\/e-schema.pl\/wp-content\/uploads\/2025\/11\/Komplet.png","type":"image\/png"}],"twitter_card":"summary_large_image","twitter_misc":{"Est. reading time":"2 minutes"},"schema":{"@context":"https:\/\/schema.org","@graph":[{"@type":"WebPage","@id":"https:\/\/e-schema.pl\/en\/produkt\/kompletny-zestaw-kart-potrzeb-i-trybow\/","url":"https:\/\/e-schema.pl\/en\/produkt\/kompletny-zestaw-kart-potrzeb-i-trybow\/","name":"Kompletny Zestaw Kart Potrzeb i Tryb\u00f3w - e-schema","isPartOf":{"@id":"https:\/\/e-schema.pl\/en\/#website"},"primaryImageOfPage":{"@id":"https:\/\/e-schema.pl\/en\/produkt\/kompletny-zestaw-kart-potrzeb-i-trybow\/#primaryimage"},"image":{"@id":"https:\/\/e-schema.pl\/en\/produkt\/kompletny-zestaw-kart-potrzeb-i-trybow\/#primaryimage"},"thumbnailUrl":"https:\/\/e-schema.pl\/wp-content\/uploads\/2025\/11\/Komplet.png","datePublished":"2025-11-06T17:10:32+00:00","dateModified":"2026-04-20T09:50:57+00:00","breadcrumb":{"@id":"https:\/\/e-schema.pl\/en\/produkt\/kompletny-zestaw-kart-potrzeb-i-trybow\/#breadcrumb"},"inLanguage":"en-US","potentialAction":[{"@type":"ReadAction","target":["https:\/\/e-schema.pl\/en\/produkt\/kompletny-zestaw-kart-potrzeb-i-trybow\/"]}]},{"@type":"ImageObject","inLanguage":"en-US","@id":"https:\/\/e-schema.pl\/en\/produkt\/kompletny-zestaw-kart-potrzeb-i-trybow\/#primaryimage","url":"https:\/\/e-schema.pl\/wp-content\/uploads\/2025\/11\/Komplet.png","contentUrl":"https:\/\/e-schema.pl\/wp-content\/uploads\/2025\/11\/Komplet.png","width":1080,"height":1350},{"@type":"BreadcrumbList","@id":"https:\/\/e-schema.pl\/en\/produkt\/kompletny-zestaw-kart-potrzeb-i-trybow\/#breadcrumb","itemListElement":[{"@type":"ListItem","position":1,"name":"Strona g\u0142\u00f3wna","item":"https:\/\/e-schema.pl\/en\/home\/"},{"@type":"ListItem","position":2,"name":"Shop","item":"https:\/\/e-schema.pl\/en\/shop\/"},{"@type":"ListItem","position":3,"name":"Kompletny Zestaw Kart Potrzeb i Tryb\u00f3w"}]},{"@type":"WebSite","@id":"https:\/\/e-schema.pl\/en\/#website","url":"https:\/\/e-schema.pl\/en\/","name":"E-schema","description":"","publisher":{"@id":"https:\/\/e-schema.pl\/en\/#organization"},"potentialAction":[{"@type":"SearchAction","target":{"@type":"EntryPoint","urlTemplate":"https:\/\/e-schema.pl\/en\/?s={search_term_string}"},"query-input":{"@type":"PropertyValueSpecification","valueRequired":true,"valueName":"search_term_string"}}],"inLanguage":"en-US"},{"@type":"Organization","@id":"https:\/\/e-schema.pl\/en\/#organization","name":"E-schema","url":"https:\/\/e-schema.pl\/en\/","logo":{"@type":"ImageObject","inLanguage":"en-US","@id":"https:\/\/e-schema.pl\/en\/#\/schema\/logo\/image\/","url":"https:\/\/e-schema.pl\/wp-content\/uploads\/2024\/07\/logo_clear.png","contentUrl":"https:\/\/e-schema.pl\/wp-content\/uploads\/2024\/07\/logo_clear.png","width":785,"height":933,"caption":"E-schema"},"image":{"@id":"https:\/\/e-schema.pl\/en\/#\/schema\/logo\/image\/"}}]}},"_links":{"self":[{"href":"https:\/\/e-schema.pl\/en\/wp-json\/wp\/v2\/product\/5258","targetHints":{"allow":["GET"]}}],"collection":[{"href":"https:\/\/e-schema.pl\/en\/wp-json\/wp\/v2\/product"}],"about":[{"href":"https:\/\/e-schema.pl\/en\/wp-json\/wp\/v2\/types\/product"}],"wp:featuredmedia":[{"embeddable":true,"href":"https:\/\/e-schema.pl\/en\/wp-json\/wp\/v2\/media\/5221"}],"wp:attachment":[{"href":"https:\/\/e-schema.pl\/en\/wp-json\/wp\/v2\/media?parent=5258"}],"wp:term":[{"taxonomy":"product_brand","embeddable":true,"href":"https:\/\/e-schema.pl\/en\/wp-json\/wp\/v2\/product_brand?post=5258"},{"taxonomy":"product_cat","embeddable":true,"href":"https:\/\/e-schema.pl\/en\/wp-json\/wp\/v2\/product_cat?post=5258"},{"taxonomy":"product_tag","embeddable":true,"href":"https:\/\/e-schema.pl\/en\/wp-json\/wp\/v2\/product_tag?post=5258"}],"curies":[{"name":"wp","href":"https:\/\/api.w.org\/{rel}","templated":true}]}}