{"id":4021,"date":"2024-12-20T07:00:29","date_gmt":"2024-12-20T06:00:29","guid":{"rendered":"https:\/\/e-schema.pl\/?post_type=product&#038;p=4021"},"modified":"2024-12-20T10:35:00","modified_gmt":"2024-12-20T09:35:00","slug":"wizualizacja-dobrego-rodzica-sniezna-kula","status":"publish","type":"product","link":"https:\/\/e-schema.pl\/en\/produkt\/wizualizacja-dobrego-rodzica-sniezna-kula\/","title":{"rendered":"Wizualizacja Dobrego Rodzica: \u015anie\u017cna Kula"},"content":{"rendered":"<p>Wizualizacja Dobrego Rodzica jest jedn\u0105 z reskrypcji wyobra\u017ceniowej stosowanej w grupowej Terapii Schematu, jednak z powodzeniem mo\u017cna j\u0105 stosowa\u0107 w terapii indywidualnej.<\/p>\n<p>Na og\u00f3\u0142 stosujemy j\u0105 kiedy pacjent ju\u017c nauczy\u0142 si\u0119 nieco opiekowa\u0107 swoim Wra\u017cliwym Dzieckiem, rozumie jakie ma niezaspokojone potrzeby. Ta wizualizacja pozwala do\u015bwiadczy\u0107 dobrej opieki Troskliwego Rodzica nad Wra\u017cliwym Dzieckiem.<\/p>\n<p>&nbsp;<\/p>\n<p>Uwaga! Wybrany produkt jest<strong> KURSEM<\/strong>. Przy zakupie wymagana jest rejestracja na naszej stronie. Po zalogowaniu, produkt dost\u0119pny b\u0119dzie w zak\u0142adce <strong>PLATFORMA KURSOWA.<\/strong><\/p>\n","protected":false},"excerpt":{"rendered":"<p>Wizualizacja Dobrego Rodzica jest jedn\u0105 z reskrypcji wyobra\u017ceniowej stosowanej w grupowej Terapii Schematu, jednak z powodzeniem mo\u017cna j\u0105 stosowa\u0107 w terapii indywidualnej.<\/p>\n<p>Na og\u00f3\u0142 stosujemy j\u0105 kiedy pacjent ju\u017c nauczy\u0142 si\u0119 nieco opiekowa\u0107 swoim Wra\u017cliwym Dzieckiem, rozumie jakie ma niezaspokojone potrzeby. Ta wizualizacja pozwala do\u015bwiadczy\u0107 dobrej opieki Troskliwego Rodzica nad Wra\u017cliwym Dzieckiem.<\/p>\n","protected":false},"featured_media":4022,"template":"","meta":{"_acf_changed":false},"product_brand":[],"product_cat":[15],"product_tag":[128,127,68,129,126],"class_list":{"0":"post-4021","1":"product","2":"type-product","3":"status-publish","4":"has-post-thumbnail","6":"product_cat-bez-kategorii","7":"product_tag-cwiczenia","8":"product_tag-reskrypcja-wyobrazeniowa","9":"product_tag-terapia-schematow","10":"product_tag-terapia-schematow-cwiczenia","11":"product_tag-wizualizacja","13":"first","14":"instock","15":"virtual","16":"sold-individually","17":"taxable","18":"purchasable","19":"product-type-course"},"acf":[],"yoast_head":"<!-- This site is optimized with the Yoast SEO plugin v27.4 - https:\/\/yoast.com\/product\/yoast-seo-wordpress\/ -->\n<title>Wizualizacja Dobrego Rodzica - e-schema<\/title>\n<meta name=\"description\" content=\"Wizualizacja Dobrego Rodzica to reskrypcja wyobra\u017ceniowa. Pozwala do\u015bwiadczy\u0107 dobrej opieki Troskliwego Rodzica nad Wra\u017cliwym Dzieckiem\" \/>\n<meta name=\"robots\" content=\"index, follow, max-snippet:-1, max-image-preview:large, max-video-preview:-1\" \/>\n<link rel=\"canonical\" href=\"https:\/\/e-schema.pl\/en\/produkt\/wizualizacja-dobrego-rodzica-sniezna-kula\/\" \/>\n<meta property=\"og:locale\" content=\"en_US\" \/>\n<meta property=\"og:type\" content=\"article\" \/>\n<meta property=\"og:title\" content=\"Wizualizacja Dobrego Rodzica - e-schema\" \/>\n<meta property=\"og:description\" content=\"Wizualizacja Dobrego Rodzica to reskrypcja wyobra\u017ceniowa. Pozwala do\u015bwiadczy\u0107 dobrej opieki Troskliwego Rodzica nad Wra\u017cliwym Dzieckiem\" \/>\n<meta property=\"og:url\" content=\"https:\/\/e-schema.pl\/en\/produkt\/wizualizacja-dobrego-rodzica-sniezna-kula\/\" \/>\n<meta property=\"og:site_name\" content=\"e-schema\" \/>\n<meta property=\"article:modified_time\" content=\"2024-12-20T09:35:00+00:00\" \/>\n<meta property=\"og:image\" content=\"https:\/\/e-schema.pl\/wp-content\/uploads\/2024\/12\/tena-mockup-komplet-1.png\" \/>\n\t<meta property=\"og:image:width\" content=\"1080\" \/>\n\t<meta property=\"og:image:height\" content=\"1080\" \/>\n\t<meta property=\"og:image:type\" content=\"image\/png\" \/>\n<meta name=\"twitter:card\" content=\"summary_large_image\" \/>\n<meta name=\"twitter:label1\" content=\"Est. reading time\" \/>\n\t<meta name=\"twitter:data1\" content=\"1 minute\" \/>\n<script type=\"application\/ld+json\" class=\"yoast-schema-graph\">{\"@context\":\"https:\\\/\\\/schema.org\",\"@graph\":[{\"@type\":\"WebPage\",\"@id\":\"https:\\\/\\\/e-schema.pl\\\/en\\\/produkt\\\/wizualizacja-dobrego-rodzica-sniezna-kula\\\/\",\"url\":\"https:\\\/\\\/e-schema.pl\\\/en\\\/produkt\\\/wizualizacja-dobrego-rodzica-sniezna-kula\\\/\",\"name\":\"Wizualizacja Dobrego Rodzica - e-schema\",\"isPartOf\":{\"@id\":\"https:\\\/\\\/e-schema.pl\\\/en\\\/#website\"},\"primaryImageOfPage\":{\"@id\":\"https:\\\/\\\/e-schema.pl\\\/en\\\/produkt\\\/wizualizacja-dobrego-rodzica-sniezna-kula\\\/#primaryimage\"},\"image\":{\"@id\":\"https:\\\/\\\/e-schema.pl\\\/en\\\/produkt\\\/wizualizacja-dobrego-rodzica-sniezna-kula\\\/#primaryimage\"},\"thumbnailUrl\":\"https:\\\/\\\/e-schema.pl\\\/wp-content\\\/uploads\\\/2024\\\/12\\\/tena-mockup-komplet-1.png\",\"datePublished\":\"2024-12-20T06:00:29+00:00\",\"dateModified\":\"2024-12-20T09:35:00+00:00\",\"description\":\"Wizualizacja Dobrego Rodzica to reskrypcja wyobra\u017ceniowa. Pozwala do\u015bwiadczy\u0107 dobrej opieki Troskliwego Rodzica nad Wra\u017cliwym Dzieckiem\",\"breadcrumb\":{\"@id\":\"https:\\\/\\\/e-schema.pl\\\/en\\\/produkt\\\/wizualizacja-dobrego-rodzica-sniezna-kula\\\/#breadcrumb\"},\"inLanguage\":\"en-US\",\"potentialAction\":[{\"@type\":\"ReadAction\",\"target\":[\"https:\\\/\\\/e-schema.pl\\\/en\\\/produkt\\\/wizualizacja-dobrego-rodzica-sniezna-kula\\\/\"]}]},{\"@type\":\"ImageObject\",\"inLanguage\":\"en-US\",\"@id\":\"https:\\\/\\\/e-schema.pl\\\/en\\\/produkt\\\/wizualizacja-dobrego-rodzica-sniezna-kula\\\/#primaryimage\",\"url\":\"https:\\\/\\\/e-schema.pl\\\/wp-content\\\/uploads\\\/2024\\\/12\\\/tena-mockup-komplet-1.png\",\"contentUrl\":\"https:\\\/\\\/e-schema.pl\\\/wp-content\\\/uploads\\\/2024\\\/12\\\/tena-mockup-komplet-1.png\",\"width\":1080,\"height\":1080},{\"@type\":\"BreadcrumbList\",\"@id\":\"https:\\\/\\\/e-schema.pl\\\/en\\\/produkt\\\/wizualizacja-dobrego-rodzica-sniezna-kula\\\/#breadcrumb\",\"itemListElement\":[{\"@type\":\"ListItem\",\"position\":1,\"name\":\"Strona g\u0142\u00f3wna\",\"item\":\"https:\\\/\\\/e-schema.pl\\\/en\\\/home\\\/\"},{\"@type\":\"ListItem\",\"position\":2,\"name\":\"Shop\",\"item\":\"https:\\\/\\\/e-schema.pl\\\/en\\\/shop\\\/\"},{\"@type\":\"ListItem\",\"position\":3,\"name\":\"Wizualizacja Dobrego Rodzica: \u015anie\u017cna Kula\"}]},{\"@type\":\"WebSite\",\"@id\":\"https:\\\/\\\/e-schema.pl\\\/en\\\/#website\",\"url\":\"https:\\\/\\\/e-schema.pl\\\/en\\\/\",\"name\":\"E-schema\",\"description\":\"\",\"publisher\":{\"@id\":\"https:\\\/\\\/e-schema.pl\\\/en\\\/#organization\"},\"potentialAction\":[{\"@type\":\"SearchAction\",\"target\":{\"@type\":\"EntryPoint\",\"urlTemplate\":\"https:\\\/\\\/e-schema.pl\\\/en\\\/?s={search_term_string}\"},\"query-input\":{\"@type\":\"PropertyValueSpecification\",\"valueRequired\":true,\"valueName\":\"search_term_string\"}}],\"inLanguage\":\"en-US\"},{\"@type\":\"Organization\",\"@id\":\"https:\\\/\\\/e-schema.pl\\\/en\\\/#organization\",\"name\":\"E-schema\",\"url\":\"https:\\\/\\\/e-schema.pl\\\/en\\\/\",\"logo\":{\"@type\":\"ImageObject\",\"inLanguage\":\"en-US\",\"@id\":\"https:\\\/\\\/e-schema.pl\\\/en\\\/#\\\/schema\\\/logo\\\/image\\\/\",\"url\":\"https:\\\/\\\/e-schema.pl\\\/wp-content\\\/uploads\\\/2024\\\/07\\\/logo_clear.png\",\"contentUrl\":\"https:\\\/\\\/e-schema.pl\\\/wp-content\\\/uploads\\\/2024\\\/07\\\/logo_clear.png\",\"width\":785,\"height\":933,\"caption\":\"E-schema\"},\"image\":{\"@id\":\"https:\\\/\\\/e-schema.pl\\\/en\\\/#\\\/schema\\\/logo\\\/image\\\/\"}}]}<\/script>\n<!-- \/ Yoast SEO plugin. -->","yoast_head_json":{"title":"Wizualizacja Dobrego Rodzica - e-schema","description":"Wizualizacja Dobrego Rodzica to reskrypcja wyobra\u017ceniowa. Pozwala do\u015bwiadczy\u0107 dobrej opieki Troskliwego Rodzica nad Wra\u017cliwym Dzieckiem","robots":{"index":"index","follow":"follow","max-snippet":"max-snippet:-1","max-image-preview":"max-image-preview:large","max-video-preview":"max-video-preview:-1"},"canonical":"https:\/\/e-schema.pl\/en\/produkt\/wizualizacja-dobrego-rodzica-sniezna-kula\/","og_locale":"en_US","og_type":"article","og_title":"Wizualizacja Dobrego Rodzica - e-schema","og_description":"Wizualizacja Dobrego Rodzica to reskrypcja wyobra\u017ceniowa. Pozwala do\u015bwiadczy\u0107 dobrej opieki Troskliwego Rodzica nad Wra\u017cliwym Dzieckiem","og_url":"https:\/\/e-schema.pl\/en\/produkt\/wizualizacja-dobrego-rodzica-sniezna-kula\/","og_site_name":"e-schema","article_modified_time":"2024-12-20T09:35:00+00:00","og_image":[{"width":1080,"height":1080,"url":"https:\/\/e-schema.pl\/wp-content\/uploads\/2024\/12\/tena-mockup-komplet-1.png","type":"image\/png"}],"twitter_card":"summary_large_image","twitter_misc":{"Est. reading time":"1 minute"},"schema":{"@context":"https:\/\/schema.org","@graph":[{"@type":"WebPage","@id":"https:\/\/e-schema.pl\/en\/produkt\/wizualizacja-dobrego-rodzica-sniezna-kula\/","url":"https:\/\/e-schema.pl\/en\/produkt\/wizualizacja-dobrego-rodzica-sniezna-kula\/","name":"Wizualizacja Dobrego Rodzica - e-schema","isPartOf":{"@id":"https:\/\/e-schema.pl\/en\/#website"},"primaryImageOfPage":{"@id":"https:\/\/e-schema.pl\/en\/produkt\/wizualizacja-dobrego-rodzica-sniezna-kula\/#primaryimage"},"image":{"@id":"https:\/\/e-schema.pl\/en\/produkt\/wizualizacja-dobrego-rodzica-sniezna-kula\/#primaryimage"},"thumbnailUrl":"https:\/\/e-schema.pl\/wp-content\/uploads\/2024\/12\/tena-mockup-komplet-1.png","datePublished":"2024-12-20T06:00:29+00:00","dateModified":"2024-12-20T09:35:00+00:00","description":"Wizualizacja Dobrego Rodzica to reskrypcja wyobra\u017ceniowa. Pozwala do\u015bwiadczy\u0107 dobrej opieki Troskliwego Rodzica nad Wra\u017cliwym Dzieckiem","breadcrumb":{"@id":"https:\/\/e-schema.pl\/en\/produkt\/wizualizacja-dobrego-rodzica-sniezna-kula\/#breadcrumb"},"inLanguage":"en-US","potentialAction":[{"@type":"ReadAction","target":["https:\/\/e-schema.pl\/en\/produkt\/wizualizacja-dobrego-rodzica-sniezna-kula\/"]}]},{"@type":"ImageObject","inLanguage":"en-US","@id":"https:\/\/e-schema.pl\/en\/produkt\/wizualizacja-dobrego-rodzica-sniezna-kula\/#primaryimage","url":"https:\/\/e-schema.pl\/wp-content\/uploads\/2024\/12\/tena-mockup-komplet-1.png","contentUrl":"https:\/\/e-schema.pl\/wp-content\/uploads\/2024\/12\/tena-mockup-komplet-1.png","width":1080,"height":1080},{"@type":"BreadcrumbList","@id":"https:\/\/e-schema.pl\/en\/produkt\/wizualizacja-dobrego-rodzica-sniezna-kula\/#breadcrumb","itemListElement":[{"@type":"ListItem","position":1,"name":"Strona g\u0142\u00f3wna","item":"https:\/\/e-schema.pl\/en\/home\/"},{"@type":"ListItem","position":2,"name":"Shop","item":"https:\/\/e-schema.pl\/en\/shop\/"},{"@type":"ListItem","position":3,"name":"Wizualizacja Dobrego Rodzica: \u015anie\u017cna Kula"}]},{"@type":"WebSite","@id":"https:\/\/e-schema.pl\/en\/#website","url":"https:\/\/e-schema.pl\/en\/","name":"E-schema","description":"","publisher":{"@id":"https:\/\/e-schema.pl\/en\/#organization"},"potentialAction":[{"@type":"SearchAction","target":{"@type":"EntryPoint","urlTemplate":"https:\/\/e-schema.pl\/en\/?s={search_term_string}"},"query-input":{"@type":"PropertyValueSpecification","valueRequired":true,"valueName":"search_term_string"}}],"inLanguage":"en-US"},{"@type":"Organization","@id":"https:\/\/e-schema.pl\/en\/#organization","name":"E-schema","url":"https:\/\/e-schema.pl\/en\/","logo":{"@type":"ImageObject","inLanguage":"en-US","@id":"https:\/\/e-schema.pl\/en\/#\/schema\/logo\/image\/","url":"https:\/\/e-schema.pl\/wp-content\/uploads\/2024\/07\/logo_clear.png","contentUrl":"https:\/\/e-schema.pl\/wp-content\/uploads\/2024\/07\/logo_clear.png","width":785,"height":933,"caption":"E-schema"},"image":{"@id":"https:\/\/e-schema.pl\/en\/#\/schema\/logo\/image\/"}}]}},"_links":{"self":[{"href":"https:\/\/e-schema.pl\/en\/wp-json\/wp\/v2\/product\/4021","targetHints":{"allow":["GET"]}}],"collection":[{"href":"https:\/\/e-schema.pl\/en\/wp-json\/wp\/v2\/product"}],"about":[{"href":"https:\/\/e-schema.pl\/en\/wp-json\/wp\/v2\/types\/product"}],"wp:featuredmedia":[{"embeddable":true,"href":"https:\/\/e-schema.pl\/en\/wp-json\/wp\/v2\/media\/4022"}],"wp:attachment":[{"href":"https:\/\/e-schema.pl\/en\/wp-json\/wp\/v2\/media?parent=4021"}],"wp:term":[{"taxonomy":"product_brand","embeddable":true,"href":"https:\/\/e-schema.pl\/en\/wp-json\/wp\/v2\/product_brand?post=4021"},{"taxonomy":"product_cat","embeddable":true,"href":"https:\/\/e-schema.pl\/en\/wp-json\/wp\/v2\/product_cat?post=4021"},{"taxonomy":"product_tag","embeddable":true,"href":"https:\/\/e-schema.pl\/en\/wp-json\/wp\/v2\/product_tag?post=4021"}],"curies":[{"name":"wp","href":"https:\/\/api.w.org\/{rel}","templated":true}]}}