{"id":3791,"date":"2024-12-03T18:06:06","date_gmt":"2024-12-03T17:06:06","guid":{"rendered":"https:\/\/e-schema.pl\/?post_type=product&#038;p=3791"},"modified":"2025-05-23T08:52:04","modified_gmt":"2025-05-23T06:52:04","slug":"demonstracje-technik-terapii-schematow-modul-dodatkowy-marty-zurowskiej","status":"publish","type":"product","link":"https:\/\/e-schema.pl\/en\/produkt\/demonstracje-technik-terapii-schematow-modul-dodatkowy-marty-zurowskiej\/","title":{"rendered":"Demonstracje Technik Terapii Schemat\u00f3w- Modu\u0142 Dodatkowy Marty \u017burowskiej"},"content":{"rendered":"<h2 class=\"wp-block-heading\"><strong>Opis Produktu<\/strong><\/h2>\n<p>Demonstracje Technik Terapii Schemat\u00f3w- Modu\u0142 Dodatkowy Marty \u017burowskiej oferuje praktyczne i g\u0142\u0119bokie narz\u0119dzia terapeutyczne, kt\u00f3re wspieraj\u0105 proces leczenia pacjent\u00f3w w terapii schemat\u00f3w. Opracowany przez Mart\u0119 \u017burowsk\u0105 \u2013 do\u015bwiadczon\u0105 terapeutk\u0119 i superwizork\u0119 Terapii Schemat\u00f3w- modu\u0142 skupia si\u0119 na pracy z najg\u0142\u0119bszymi trybami emocjonalnymi, wymagaj\u0105cymi szczeg\u00f3lnej wra\u017cliwo\u015bci i precyzji.<\/p>\n<h2 class=\"wp-block-heading\"><strong>Co znajdziesz w module?<\/strong><\/h2>\n<p>Ka\u017cde \u0107wiczenie jest szczeg\u00f3\u0142owo zaprezentowane na nagraniach wideo, ukazuj\u0105cych praktyczne zastosowanie technik z udzia\u0142em terapeuty i aktora. Dodatkowo modu\u0142 zawiera karty \u0107wicze\u0144, kt\u00f3re pomog\u0105 wdro\u017cy\u0107 omawiane metody w codziennej praktyce terapeutycznej o zwraca uwag\u0119 na mo\u017cliwe adaptacje \u0107wiczenia i pojawiaj\u0105ce si\u0119 trudno\u015bci. Na ka\u017cdej karcie jest r\u00f3wnie\u017c propozycja prac domowych powi\u0105zana z \u0107wiczeniem do\u015bwiadczeniowym.<\/p>\n<h2 class=\"wp-block-heading\"><strong>Tematyka modu\u0142u:<\/strong><\/h2>\n<h4 class=\"wp-block-heading\"><strong>Wyobra\u017cenie bezpiecznego miejsca<\/strong><\/h4>\n<p>W tym \u0107wiczeniu b\u0119dziemy pracowa\u0107 z zamkni\u0119tymi oczami w wyobra\u017ceniu. Poprosz\u0119 o wyobra\u017cenie sobie swojego bezpiecznego miejsca, mo\u017ce to by\u0107 realne miejsce, zupe\u0142nie abstrakcyjne, do wyboru. B\u0119d\u0119 pyta\u0107 o to co klient widzi s\u0142yszy itd. Celem jest to, \u017ceby m\u00f3g\u0142 klient wej\u015b\u0107 do swojego bezpiecznego miejsca i ukoi\u0107 emocje w trudnych momentach w terapii i poza ni\u0105.<\/p>\n<h4 class=\"wp-block-heading\"><strong>Wielotrybowa Praca na Krzes\u0142ach<\/strong><\/h4>\n<p>W tym \u0107wiczeniu b\u0119dziemy pracowa\u0107 na krzes\u0142ach. Zaczniemy od om\u00f3wienia \u0107wiczenia. Przygotujemy 4 krzes\u0142a dla Perfekcjonistycznego Nadkontrolera, Krytycznego Rodzica, Wra\u017cliwego Dziecka, Samokoiciela, i Zdrowego Doros\u0142ego (w\u0142a\u015bciwy fotel). Rozmawiamy z trybami i w ostateczno\u015bci dochodzimy do potrzeb Wra\u017cliwego Dziecka. Zdrowy Doros\u0142y kieruje komunikaty do ka\u017cdego trybu, a nast\u0119pnie terapeuta tak\u017ce zwraca si\u0119 do poszczeg\u00f3lnych tryb\u00f3w .<\/p>\n<h4 class=\"wp-block-heading\"><strong>Praca z Trybami Niemowl\u0119cymi<\/strong><\/h4>\n<p>W tym \u0107wiczeniu pacjent ma w sobie kawa\u0142ek, kt\u00f3ry brzmi jakby chcia\u0142 zwr\u00f3ci\u0107 uwag\u0119 swoim powodzeniem w\u015br\u00f3d kobiet. Terapeuta zauwa\u017ca to, \u017ce pacjent\u00a0 w ten dysfunkcyjny spos\u00f3b chce zaspokoi\u0107 potrzeby i zaznacza, \u017ce jest to zupe\u0142nie niepotrzebne , aby zyska\u0107 jego uwag\u0119.<\/p>\n<h4 class=\"wp-block-heading\"><strong>Wzmacnianie Zdrowego Doros\u0142ego<\/strong><\/h4>\n<p>W tym \u0107wiczeniu pracujemy nad rozwijaniem trybu Zdrowego Doros\u0142ego Pacjenta. Pacjent wraca w wyobra\u017ceniu do sytuacji, kt\u00f3ra by\u0142a dla niego trudna i w kt\u00f3rej uruchomi\u0142 si\u0119 tryb radzenia sobie. Nast\u0119pnie wyobra\u017ca sobie sw\u00f3j tryb Zdrowego Doros\u0142ego i dobrze stara si\u0119 go poczu\u0107, aby dalej w tym trybie przej\u015b\u0107 wyobra\u017cenie.<\/p>\n<h2 class=\"wp-block-heading\"><strong>Dla kogo jest ten modu\u0142?<\/strong><\/h2>\n<ul class=\"wp-block-list\">\n<li>Dla terapeut\u00f3w schemat\u00f3w pragn\u0105cych poszerzy\u0107 swoje kompetencje.<\/li>\n<li>Dla os\u00f3b na zaawansowanym etapie edukacji terapeutycznej.<\/li>\n<li>Dla wszystkich, kt\u00f3rzy chc\u0105 g\u0142\u0119biej zrozumie\u0107 mechanizmy schemat\u00f3w i tryb\u00f3w u swoich pacjent\u00f3w.<\/li>\n<\/ul>\n","protected":false},"excerpt":{"rendered":"<p>Modu\u0142 ten oferuje praktyczne i g\u0142\u0119bokie narz\u0119dzia terapeutyczne, kt\u00f3re wspieraj\u0105 proces leczenia pacjent\u00f3w w terapii schemat\u00f3w. Opracowany przez Mart\u0119 \u017burowsk\u0105 \u2013 do\u015bwiadczon\u0105 terapeutk\u0119 i superwizork\u0119 Terapii Schemat\u00f3w- modu\u0142 skupia si\u0119 na pracy z najg\u0142\u0119bszymi trybami emocjonalnymi, wymagaj\u0105cymi szczeg\u00f3lnej wra\u017cliwo\u015bci i precyzji.<\/p>\n<p>Tematyka Modu\u0142u obejmuje:<\/p>\n<p>Wyobra\u017cenie bezpiecznego miejsca<\/p>\n<p>Praca z Trybami Niemowl\u0119cymi<\/p>\n<p>Wielotrybowa Praca na Krzes\u0142ach<\/p>\n<p>Wzmacnianie Zdrowego Doros\u0142ego<\/p>\n","protected":false},"featured_media":3772,"template":"","meta":{"_acf_changed":false},"product_brand":[],"product_cat":[15],"product_tag":[111,116,120,68,115],"class_list":{"0":"post-3791","1":"product","2":"type-product","3":"status-publish","4":"has-post-thumbnail","6":"product_cat-bez-kategorii","7":"product_tag-demonstracje","8":"product_tag-demonstracje-wideo","9":"product_tag-techniki","10":"product_tag-terapia-schematow","11":"product_tag-terapia-schematu","13":"first","14":"instock","15":"virtual","16":"sold-individually","17":"taxable","18":"purchasable","19":"product-type-course"},"acf":[],"yoast_head":"<!-- This site is optimized with the Yoast SEO plugin v27.4 - https:\/\/yoast.com\/product\/yoast-seo-wordpress\/ -->\n<title>Demonstracje Technik -Modu\u0142 Dodatkowy Marty \u017burowskiej - e-schema<\/title>\n<meta name=\"description\" content=\"Opracowany przez Mart\u0119 \u017burowsk\u0105 Modu\u0142 skupia si\u0119 na pracy z trybami emocjonalnymi, wymagaj\u0105cymi szczeg\u00f3lnej wra\u017cliwo\u015bci i precyzji.\" \/>\n<meta name=\"robots\" content=\"index, follow, max-snippet:-1, max-image-preview:large, max-video-preview:-1\" \/>\n<link rel=\"canonical\" href=\"https:\/\/e-schema.pl\/en\/produkt\/demonstracje-technik-terapii-schematow-modul-dodatkowy-marty-zurowskiej\/\" \/>\n<meta property=\"og:locale\" content=\"en_US\" \/>\n<meta property=\"og:type\" content=\"article\" \/>\n<meta property=\"og:title\" content=\"Demonstracje Technik -Modu\u0142 Dodatkowy Marty \u017burowskiej - e-schema\" \/>\n<meta property=\"og:description\" content=\"Opracowany przez Mart\u0119 \u017burowsk\u0105 Modu\u0142 skupia si\u0119 na pracy z trybami emocjonalnymi, wymagaj\u0105cymi szczeg\u00f3lnej wra\u017cliwo\u015bci i precyzji.\" \/>\n<meta property=\"og:url\" content=\"https:\/\/e-schema.pl\/en\/produkt\/demonstracje-technik-terapii-schematow-modul-dodatkowy-marty-zurowskiej\/\" \/>\n<meta property=\"og:site_name\" content=\"e-schema\" \/>\n<meta property=\"article:modified_time\" content=\"2025-05-23T06:52:04+00:00\" \/>\n<meta property=\"og:image\" content=\"https:\/\/e-schema.pl\/wp-content\/uploads\/2024\/12\/MODUL-Pakiet-7.png\" \/>\n\t<meta property=\"og:image:width\" content=\"1080\" \/>\n\t<meta property=\"og:image:height\" content=\"1080\" \/>\n\t<meta property=\"og:image:type\" content=\"image\/png\" \/>\n<meta name=\"twitter:card\" content=\"summary_large_image\" \/>\n<meta name=\"twitter:label1\" content=\"Est. reading time\" \/>\n\t<meta name=\"twitter:data1\" content=\"3 minutes\" \/>\n<script type=\"application\/ld+json\" class=\"yoast-schema-graph\">{\"@context\":\"https:\\\/\\\/schema.org\",\"@graph\":[{\"@type\":\"WebPage\",\"@id\":\"https:\\\/\\\/e-schema.pl\\\/en\\\/produkt\\\/demonstracje-technik-terapii-schematow-modul-dodatkowy-marty-zurowskiej\\\/\",\"url\":\"https:\\\/\\\/e-schema.pl\\\/en\\\/produkt\\\/demonstracje-technik-terapii-schematow-modul-dodatkowy-marty-zurowskiej\\\/\",\"name\":\"Demonstracje Technik -Modu\u0142 Dodatkowy Marty \u017burowskiej - e-schema\",\"isPartOf\":{\"@id\":\"https:\\\/\\\/e-schema.pl\\\/en\\\/#website\"},\"primaryImageOfPage\":{\"@id\":\"https:\\\/\\\/e-schema.pl\\\/en\\\/produkt\\\/demonstracje-technik-terapii-schematow-modul-dodatkowy-marty-zurowskiej\\\/#primaryimage\"},\"image\":{\"@id\":\"https:\\\/\\\/e-schema.pl\\\/en\\\/produkt\\\/demonstracje-technik-terapii-schematow-modul-dodatkowy-marty-zurowskiej\\\/#primaryimage\"},\"thumbnailUrl\":\"https:\\\/\\\/e-schema.pl\\\/wp-content\\\/uploads\\\/2024\\\/12\\\/MODUL-Pakiet-7.png\",\"datePublished\":\"2024-12-03T17:06:06+00:00\",\"dateModified\":\"2025-05-23T06:52:04+00:00\",\"description\":\"Opracowany przez Mart\u0119 \u017burowsk\u0105 Modu\u0142 skupia si\u0119 na pracy z trybami emocjonalnymi, wymagaj\u0105cymi szczeg\u00f3lnej wra\u017cliwo\u015bci i precyzji.\",\"breadcrumb\":{\"@id\":\"https:\\\/\\\/e-schema.pl\\\/en\\\/produkt\\\/demonstracje-technik-terapii-schematow-modul-dodatkowy-marty-zurowskiej\\\/#breadcrumb\"},\"inLanguage\":\"en-US\",\"potentialAction\":[{\"@type\":\"ReadAction\",\"target\":[\"https:\\\/\\\/e-schema.pl\\\/en\\\/produkt\\\/demonstracje-technik-terapii-schematow-modul-dodatkowy-marty-zurowskiej\\\/\"]}]},{\"@type\":\"ImageObject\",\"inLanguage\":\"en-US\",\"@id\":\"https:\\\/\\\/e-schema.pl\\\/en\\\/produkt\\\/demonstracje-technik-terapii-schematow-modul-dodatkowy-marty-zurowskiej\\\/#primaryimage\",\"url\":\"https:\\\/\\\/e-schema.pl\\\/wp-content\\\/uploads\\\/2024\\\/12\\\/MODUL-Pakiet-7.png\",\"contentUrl\":\"https:\\\/\\\/e-schema.pl\\\/wp-content\\\/uploads\\\/2024\\\/12\\\/MODUL-Pakiet-7.png\",\"width\":1080,\"height\":1080},{\"@type\":\"BreadcrumbList\",\"@id\":\"https:\\\/\\\/e-schema.pl\\\/en\\\/produkt\\\/demonstracje-technik-terapii-schematow-modul-dodatkowy-marty-zurowskiej\\\/#breadcrumb\",\"itemListElement\":[{\"@type\":\"ListItem\",\"position\":1,\"name\":\"Strona g\u0142\u00f3wna\",\"item\":\"https:\\\/\\\/e-schema.pl\\\/en\\\/home\\\/\"},{\"@type\":\"ListItem\",\"position\":2,\"name\":\"Shop\",\"item\":\"https:\\\/\\\/e-schema.pl\\\/en\\\/shop\\\/\"},{\"@type\":\"ListItem\",\"position\":3,\"name\":\"Demonstracje Technik Terapii Schemat\u00f3w- Modu\u0142 Dodatkowy Marty \u017burowskiej\"}]},{\"@type\":\"WebSite\",\"@id\":\"https:\\\/\\\/e-schema.pl\\\/en\\\/#website\",\"url\":\"https:\\\/\\\/e-schema.pl\\\/en\\\/\",\"name\":\"E-schema\",\"description\":\"\",\"publisher\":{\"@id\":\"https:\\\/\\\/e-schema.pl\\\/en\\\/#organization\"},\"potentialAction\":[{\"@type\":\"SearchAction\",\"target\":{\"@type\":\"EntryPoint\",\"urlTemplate\":\"https:\\\/\\\/e-schema.pl\\\/en\\\/?s={search_term_string}\"},\"query-input\":{\"@type\":\"PropertyValueSpecification\",\"valueRequired\":true,\"valueName\":\"search_term_string\"}}],\"inLanguage\":\"en-US\"},{\"@type\":\"Organization\",\"@id\":\"https:\\\/\\\/e-schema.pl\\\/en\\\/#organization\",\"name\":\"E-schema\",\"url\":\"https:\\\/\\\/e-schema.pl\\\/en\\\/\",\"logo\":{\"@type\":\"ImageObject\",\"inLanguage\":\"en-US\",\"@id\":\"https:\\\/\\\/e-schema.pl\\\/en\\\/#\\\/schema\\\/logo\\\/image\\\/\",\"url\":\"https:\\\/\\\/e-schema.pl\\\/wp-content\\\/uploads\\\/2024\\\/07\\\/logo_clear.png\",\"contentUrl\":\"https:\\\/\\\/e-schema.pl\\\/wp-content\\\/uploads\\\/2024\\\/07\\\/logo_clear.png\",\"width\":785,\"height\":933,\"caption\":\"E-schema\"},\"image\":{\"@id\":\"https:\\\/\\\/e-schema.pl\\\/en\\\/#\\\/schema\\\/logo\\\/image\\\/\"}}]}<\/script>\n<!-- \/ Yoast SEO plugin. -->","yoast_head_json":{"title":"Demonstracje Technik -Modu\u0142 Dodatkowy Marty \u017burowskiej - e-schema","description":"Opracowany przez Mart\u0119 \u017burowsk\u0105 Modu\u0142 skupia si\u0119 na pracy z trybami emocjonalnymi, wymagaj\u0105cymi szczeg\u00f3lnej wra\u017cliwo\u015bci i precyzji.","robots":{"index":"index","follow":"follow","max-snippet":"max-snippet:-1","max-image-preview":"max-image-preview:large","max-video-preview":"max-video-preview:-1"},"canonical":"https:\/\/e-schema.pl\/en\/produkt\/demonstracje-technik-terapii-schematow-modul-dodatkowy-marty-zurowskiej\/","og_locale":"en_US","og_type":"article","og_title":"Demonstracje Technik -Modu\u0142 Dodatkowy Marty \u017burowskiej - e-schema","og_description":"Opracowany przez Mart\u0119 \u017burowsk\u0105 Modu\u0142 skupia si\u0119 na pracy z trybami emocjonalnymi, wymagaj\u0105cymi szczeg\u00f3lnej wra\u017cliwo\u015bci i precyzji.","og_url":"https:\/\/e-schema.pl\/en\/produkt\/demonstracje-technik-terapii-schematow-modul-dodatkowy-marty-zurowskiej\/","og_site_name":"e-schema","article_modified_time":"2025-05-23T06:52:04+00:00","og_image":[{"width":1080,"height":1080,"url":"https:\/\/e-schema.pl\/wp-content\/uploads\/2024\/12\/MODUL-Pakiet-7.png","type":"image\/png"}],"twitter_card":"summary_large_image","twitter_misc":{"Est. reading time":"3 minutes"},"schema":{"@context":"https:\/\/schema.org","@graph":[{"@type":"WebPage","@id":"https:\/\/e-schema.pl\/en\/produkt\/demonstracje-technik-terapii-schematow-modul-dodatkowy-marty-zurowskiej\/","url":"https:\/\/e-schema.pl\/en\/produkt\/demonstracje-technik-terapii-schematow-modul-dodatkowy-marty-zurowskiej\/","name":"Demonstracje Technik -Modu\u0142 Dodatkowy Marty \u017burowskiej - e-schema","isPartOf":{"@id":"https:\/\/e-schema.pl\/en\/#website"},"primaryImageOfPage":{"@id":"https:\/\/e-schema.pl\/en\/produkt\/demonstracje-technik-terapii-schematow-modul-dodatkowy-marty-zurowskiej\/#primaryimage"},"image":{"@id":"https:\/\/e-schema.pl\/en\/produkt\/demonstracje-technik-terapii-schematow-modul-dodatkowy-marty-zurowskiej\/#primaryimage"},"thumbnailUrl":"https:\/\/e-schema.pl\/wp-content\/uploads\/2024\/12\/MODUL-Pakiet-7.png","datePublished":"2024-12-03T17:06:06+00:00","dateModified":"2025-05-23T06:52:04+00:00","description":"Opracowany przez Mart\u0119 \u017burowsk\u0105 Modu\u0142 skupia si\u0119 na pracy z trybami emocjonalnymi, wymagaj\u0105cymi szczeg\u00f3lnej wra\u017cliwo\u015bci i precyzji.","breadcrumb":{"@id":"https:\/\/e-schema.pl\/en\/produkt\/demonstracje-technik-terapii-schematow-modul-dodatkowy-marty-zurowskiej\/#breadcrumb"},"inLanguage":"en-US","potentialAction":[{"@type":"ReadAction","target":["https:\/\/e-schema.pl\/en\/produkt\/demonstracje-technik-terapii-schematow-modul-dodatkowy-marty-zurowskiej\/"]}]},{"@type":"ImageObject","inLanguage":"en-US","@id":"https:\/\/e-schema.pl\/en\/produkt\/demonstracje-technik-terapii-schematow-modul-dodatkowy-marty-zurowskiej\/#primaryimage","url":"https:\/\/e-schema.pl\/wp-content\/uploads\/2024\/12\/MODUL-Pakiet-7.png","contentUrl":"https:\/\/e-schema.pl\/wp-content\/uploads\/2024\/12\/MODUL-Pakiet-7.png","width":1080,"height":1080},{"@type":"BreadcrumbList","@id":"https:\/\/e-schema.pl\/en\/produkt\/demonstracje-technik-terapii-schematow-modul-dodatkowy-marty-zurowskiej\/#breadcrumb","itemListElement":[{"@type":"ListItem","position":1,"name":"Strona g\u0142\u00f3wna","item":"https:\/\/e-schema.pl\/en\/home\/"},{"@type":"ListItem","position":2,"name":"Shop","item":"https:\/\/e-schema.pl\/en\/shop\/"},{"@type":"ListItem","position":3,"name":"Demonstracje Technik Terapii Schemat\u00f3w- Modu\u0142 Dodatkowy Marty \u017burowskiej"}]},{"@type":"WebSite","@id":"https:\/\/e-schema.pl\/en\/#website","url":"https:\/\/e-schema.pl\/en\/","name":"E-schema","description":"","publisher":{"@id":"https:\/\/e-schema.pl\/en\/#organization"},"potentialAction":[{"@type":"SearchAction","target":{"@type":"EntryPoint","urlTemplate":"https:\/\/e-schema.pl\/en\/?s={search_term_string}"},"query-input":{"@type":"PropertyValueSpecification","valueRequired":true,"valueName":"search_term_string"}}],"inLanguage":"en-US"},{"@type":"Organization","@id":"https:\/\/e-schema.pl\/en\/#organization","name":"E-schema","url":"https:\/\/e-schema.pl\/en\/","logo":{"@type":"ImageObject","inLanguage":"en-US","@id":"https:\/\/e-schema.pl\/en\/#\/schema\/logo\/image\/","url":"https:\/\/e-schema.pl\/wp-content\/uploads\/2024\/07\/logo_clear.png","contentUrl":"https:\/\/e-schema.pl\/wp-content\/uploads\/2024\/07\/logo_clear.png","width":785,"height":933,"caption":"E-schema"},"image":{"@id":"https:\/\/e-schema.pl\/en\/#\/schema\/logo\/image\/"}}]}},"_links":{"self":[{"href":"https:\/\/e-schema.pl\/en\/wp-json\/wp\/v2\/product\/3791","targetHints":{"allow":["GET"]}}],"collection":[{"href":"https:\/\/e-schema.pl\/en\/wp-json\/wp\/v2\/product"}],"about":[{"href":"https:\/\/e-schema.pl\/en\/wp-json\/wp\/v2\/types\/product"}],"wp:featuredmedia":[{"embeddable":true,"href":"https:\/\/e-schema.pl\/en\/wp-json\/wp\/v2\/media\/3772"}],"wp:attachment":[{"href":"https:\/\/e-schema.pl\/en\/wp-json\/wp\/v2\/media?parent=3791"}],"wp:term":[{"taxonomy":"product_brand","embeddable":true,"href":"https:\/\/e-schema.pl\/en\/wp-json\/wp\/v2\/product_brand?post=3791"},{"taxonomy":"product_cat","embeddable":true,"href":"https:\/\/e-schema.pl\/en\/wp-json\/wp\/v2\/product_cat?post=3791"},{"taxonomy":"product_tag","embeddable":true,"href":"https:\/\/e-schema.pl\/en\/wp-json\/wp\/v2\/product_tag?post=3791"}],"curies":[{"name":"wp","href":"https:\/\/api.w.org\/{rel}","templated":true}]}}