{"id":3778,"date":"2024-12-03T18:05:42","date_gmt":"2024-12-03T17:05:42","guid":{"rendered":"https:\/\/e-schema.pl\/?post_type=product&#038;p=3778"},"modified":"2024-12-03T18:05:42","modified_gmt":"2024-12-03T17:05:42","slug":"demonstracje-technik-terapii-schematow-modul-dodatkowy-magdaleny-kitlowskiej","status":"publish","type":"product","link":"https:\/\/e-schema.pl\/en\/produkt\/demonstracje-technik-terapii-schematow-modul-dodatkowy-magdaleny-kitlowskiej\/","title":{"rendered":"Demonstracje Technik Terapii Schemat\u00f3w- Modu\u0142 Dodatkowy Magdaleny Kit\u0142owskiej"},"content":{"rendered":"<h2 class=\"wp-block-heading\">Opis Produktu<\/h2>\n<p>Ten wyj\u0105tkowy modu\u0142 to zaawansowany zestaw demonstracji terapeutycznych, kt\u00f3ry stanowi rozszerzenie podstawowych technik terapii schemat\u00f3w. Zosta\u0142 opracowany przez Magdalen\u0119 Kit\u0142owsk\u0105 \u2013 do\u015bwiadczon\u0105 terapeutk\u0119 i trenerk\u0119. Modu\u0142 dodatkowy jest idealnym wyborem dla terapeut\u00f3w pragn\u0105cych pog\u0142\u0119bi\u0107 swoje umiej\u0119tno\u015bci w pracy z bardziej z\u0142o\u017conymi schematami i trybami.<\/p>\n<h2 class=\"wp-block-heading\"><strong>Co znajdziesz w module?<\/strong><\/h2>\n<p>Ka\u017cde \u0107wiczenie jest szczeg\u00f3\u0142owo zaprezentowane na nagraniach wideo, ukazuj\u0105cych praktyczne zastosowanie technik z udzia\u0142em terapeuty i aktora. Dodatkowo modu\u0142 zawiera karty \u0107wicze\u0144, kt\u00f3re pomog\u0105 wdro\u017cy\u0107 omawiane metody w codziennej praktyce terapeutycznej. Karty zwracaj\u0105 uwag\u0119 na mo\u017cliwe adaptacje \u0107wiczenia i pojawiaj\u0105ce si\u0119 trudno\u015bci. Na ka\u017cdej karcie jest r\u00f3wnie\u017c propozycja prac domowych powi\u0105zana z \u0107wiczeniem do\u015bwiadczeniowym.<\/p>\n<h2><strong>Tematyka modu\u0142u:<\/strong><\/h2>\n<p><strong>Praca ze Wzbudzaj\u0105cym Poczucie Winy Rodzicem<\/strong><\/p>\n<p>\u201ePraca ze Wzbudzaj\u0105cym Poczucie Winy Rodzicem\u201d to przyk\u0142ad u\u017cycia techniki wyobra\u017ceniowej. Technika ta pomaga dotrze\u0107 do \u017ar\u00f3d\u0142owych sytuacji stoj\u0105cych za Wzbudzaj\u0105cym Poczucie Winy Krytykiem i wynikaj\u0105cych z tego problem\u00f3w ze stawianiem granic. Pomaga dotrze\u0107 r\u00f3wnie\u017c do niezaspokojonych potrzeb Trybu Wra\u017cliwego Dziecka.\u00a0 Zwalnia Wra\u017cliwe Dziecko\u00a0 z odpowiedzialno\u015bci za emocje innych i uwa\u017cnia jego emocje i autonomi\u0119. Ta technika po\u015brednio wp\u0142ywa r\u00f3wnie\u017c na tryb Uleg\u0142ego Poddanego lub Ratownika.<\/p>\n<p><strong>Praca na wspomnieniu z Zawstydzonym Dzieckiem<\/strong><\/p>\n<p>\u201ePraca na wspomnieniu z Zawstydzonym Dzieckiem\u201d to przyk\u0142ad u\u017cycia techniki wyobra\u017ceniowej. Pomaga ona dotrze\u0107 do jednej z sytuacji stoj\u0105cych za schematem Defektu\/ Wadliwo\u015bci i Izolacji Spo\u0142ecznej. Technika ta pomaga z dotarciem do niezaspokojonych potrzeb Trybu Wra\u017cliwego Dziecka, jak i mo\u017ce pom\u00f3c mu do\u015bwiadczy\u0107 kontaktu z r\u00f3wie\u015bnikami w pozytywnym scenariuszu. Uruchomienie Szcz\u0119\u015bliwego Dziecka w zabawie z r\u00f3wie\u015bnikami zmniejsza dzia\u0142anie Trybu Unikaj\u0105cego Obro\u0144cy w kontaktach interpersonalnych.<\/p>\n<p><strong>Stawianie Granic<\/strong><\/p>\n<p>\u201eStawianie Granic\u201d to interwencja maj\u0105ca na celu uregulowania relacji terapeutycznej. Stosuje si\u0119 j\u0105, kiedy Tryby Radzenia sobie nadal si\u0119 pojawiaj\u0105, pomimo stosowania empatycznej konfrontacji.<\/p>\n<p><strong>Praca z Zahamowanym Rozz\u0142oszczonym Dzieckiem<\/strong><\/p>\n<p>\u201ePraca z Zahamowanym Rozz\u0142oszczonym Dzieckiem\u201d to przyk\u0142ad u\u017cycia techniki krzese\u0142 i zaanga\u017cowania cia\u0142a, kt\u00f3ra pomaga uruchomi\u0107 emocj\u0119 Rozz\u0142oszczonego Dziecka na sesji. Ta technika pomaga w budowaniu autonomii i granic u pacjent\u00f3w, kt\u00f3rych z\u0142o\u015b\u0107 jest blokowana przez Tryby Rodzica i Tryby Radzenia sobie z obszaru Unikania i Poddania.<\/p>\n<h4><strong>Praca z Wymagaj\u0105cym Rodzicem<\/strong><\/h4>\n<p>\u201ePraca z Wymagaj\u0105cym Rodzicem\u201d to przyk\u0142ad zastosowania techniki krzese\u0142, by zatrzyma\u0107 Wymagaj\u0105cego Rodzica i wzmocni\u0107 Zdrowego Doros\u0142ego w dbaniu o r\u00f3wnowag\u0119 mi\u0119dzy prac\u0105 a wypoczynkiem. Technik\u0119 t\u0105 mo\u017cemy stosowa\u0107 po uprzedniej pracy poznawczej nad rozpoznaniem jak zasady Wymagaj\u0105cego Rodzica pomijaj\u0105 potrzeby pacjenta.<\/p>\n<h2>Dla kogo jest ten modu\u0142?<\/h2>\n<ul class=\"wp-block-list\">\n<li>Dla terapeut\u00f3w schemat\u00f3w pragn\u0105cych poszerzy\u0107 swoje kompetencje.<\/li>\n<li>Dla os\u00f3b na zaawansowanym etapie edukacji terapeutycznej.<\/li>\n<li>Dla wszystkich, kt\u00f3rzy chc\u0105 g\u0142\u0119biej zrozumie\u0107 mechanizmy schemat\u00f3w i tryb\u00f3w u swoich pacjent\u00f3w.<\/li>\n<\/ul>\n","protected":false},"excerpt":{"rendered":"<p>Ten wyj\u0105tkowy modu\u0142 to zaawansowany zestaw demonstracji terapeutycznych, kt\u00f3ry stanowi rozszerzenie podstawowych technik terapii schemat\u00f3w. Zosta\u0142 opracowany przez Magdalen\u0119 Kit\u0142owsk\u0105 \u2013 do\u015bwiadczon\u0105 terapeutk\u0119 i trenerk\u0119. Modu\u0142 dodatkowy jest idealnym wyborem dla terapeut\u00f3w pragn\u0105cych pog\u0142\u0119bi\u0107 swoje umiej\u0119tno\u015bci w pracy z bardziej z\u0142o\u017conymi schematami i trybami.<\/p>\n<p>Tematyka Modu\u0142u obejmuje:<\/p>\n<p>Praca ze Wzbudzaj\u0105cym Poczucie Winy Rodzicem<\/p>\n<p>Praca na wspomnieniu z Zawstydzonym Dzieckiem<\/p>\n<p>Stawianie Granic<\/p>\n<p>Praca z Zahamowanym Rozz\u0142oszczonym Dzieckiem<\/p>\n<p>Praca z Wymagaj\u0105cym Rodzicem<\/p>\n","protected":false},"featured_media":3766,"template":"","meta":{"_acf_changed":false},"product_brand":[],"product_cat":[15],"product_tag":[],"class_list":{"0":"post-3778","1":"product","2":"type-product","3":"status-publish","4":"has-post-thumbnail","6":"product_cat-bez-kategorii","8":"first","9":"instock","10":"virtual","11":"sold-individually","12":"taxable","13":"purchasable","14":"product-type-course"},"acf":[],"yoast_head":"<!-- This site is optimized with the Yoast SEO plugin v27.4 - https:\/\/yoast.com\/product\/yoast-seo-wordpress\/ -->\n<title>Demonstracje Technik- Modu\u0142 Dodatkowy Magdaleny Kit\u0142owskiej - e-schema<\/title>\n<meta name=\"description\" content=\"Ten wyj\u0105tkowy modu\u0142 to zaawansowany zestaw demonstracji terapeutycznych, kt\u00f3ry stanowi rozszerzenie podstawowych technik terapii schemat\u00f3w.\" \/>\n<meta name=\"robots\" content=\"index, follow, max-snippet:-1, max-image-preview:large, max-video-preview:-1\" \/>\n<link rel=\"canonical\" href=\"https:\/\/e-schema.pl\/en\/produkt\/demonstracje-technik-terapii-schematow-modul-dodatkowy-magdaleny-kitlowskiej\/\" \/>\n<meta property=\"og:locale\" content=\"en_US\" \/>\n<meta property=\"og:type\" content=\"article\" \/>\n<meta property=\"og:title\" content=\"Demonstracje Technik- Modu\u0142 Dodatkowy Magdaleny Kit\u0142owskiej - e-schema\" \/>\n<meta property=\"og:description\" content=\"Ten wyj\u0105tkowy modu\u0142 to zaawansowany zestaw demonstracji terapeutycznych, kt\u00f3ry stanowi rozszerzenie podstawowych technik terapii schemat\u00f3w.\" \/>\n<meta property=\"og:url\" content=\"https:\/\/e-schema.pl\/en\/produkt\/demonstracje-technik-terapii-schematow-modul-dodatkowy-magdaleny-kitlowskiej\/\" \/>\n<meta property=\"og:site_name\" content=\"e-schema\" \/>\n<meta property=\"og:image\" content=\"https:\/\/e-schema.pl\/wp-content\/uploads\/2024\/11\/MODUL-Pakiet-6.png\" \/>\n\t<meta property=\"og:image:width\" content=\"1080\" \/>\n\t<meta property=\"og:image:height\" content=\"1080\" \/>\n\t<meta property=\"og:image:type\" content=\"image\/png\" \/>\n<meta name=\"twitter:card\" content=\"summary_large_image\" \/>\n<meta name=\"twitter:label1\" content=\"Est. reading time\" \/>\n\t<meta name=\"twitter:data1\" content=\"3 minutes\" \/>\n<script type=\"application\/ld+json\" class=\"yoast-schema-graph\">{\"@context\":\"https:\\\/\\\/schema.org\",\"@graph\":[{\"@type\":\"WebPage\",\"@id\":\"https:\\\/\\\/e-schema.pl\\\/en\\\/produkt\\\/demonstracje-technik-terapii-schematow-modul-dodatkowy-magdaleny-kitlowskiej\\\/\",\"url\":\"https:\\\/\\\/e-schema.pl\\\/en\\\/produkt\\\/demonstracje-technik-terapii-schematow-modul-dodatkowy-magdaleny-kitlowskiej\\\/\",\"name\":\"Demonstracje Technik- Modu\u0142 Dodatkowy Magdaleny Kit\u0142owskiej - e-schema\",\"isPartOf\":{\"@id\":\"https:\\\/\\\/e-schema.pl\\\/en\\\/#website\"},\"primaryImageOfPage\":{\"@id\":\"https:\\\/\\\/e-schema.pl\\\/en\\\/produkt\\\/demonstracje-technik-terapii-schematow-modul-dodatkowy-magdaleny-kitlowskiej\\\/#primaryimage\"},\"image\":{\"@id\":\"https:\\\/\\\/e-schema.pl\\\/en\\\/produkt\\\/demonstracje-technik-terapii-schematow-modul-dodatkowy-magdaleny-kitlowskiej\\\/#primaryimage\"},\"thumbnailUrl\":\"https:\\\/\\\/e-schema.pl\\\/wp-content\\\/uploads\\\/2024\\\/11\\\/MODUL-Pakiet-6.png\",\"datePublished\":\"2024-12-03T17:05:42+00:00\",\"description\":\"Ten wyj\u0105tkowy modu\u0142 to zaawansowany zestaw demonstracji terapeutycznych, kt\u00f3ry stanowi rozszerzenie podstawowych technik terapii schemat\u00f3w.\",\"breadcrumb\":{\"@id\":\"https:\\\/\\\/e-schema.pl\\\/en\\\/produkt\\\/demonstracje-technik-terapii-schematow-modul-dodatkowy-magdaleny-kitlowskiej\\\/#breadcrumb\"},\"inLanguage\":\"en-US\",\"potentialAction\":[{\"@type\":\"ReadAction\",\"target\":[\"https:\\\/\\\/e-schema.pl\\\/en\\\/produkt\\\/demonstracje-technik-terapii-schematow-modul-dodatkowy-magdaleny-kitlowskiej\\\/\"]}]},{\"@type\":\"ImageObject\",\"inLanguage\":\"en-US\",\"@id\":\"https:\\\/\\\/e-schema.pl\\\/en\\\/produkt\\\/demonstracje-technik-terapii-schematow-modul-dodatkowy-magdaleny-kitlowskiej\\\/#primaryimage\",\"url\":\"https:\\\/\\\/e-schema.pl\\\/wp-content\\\/uploads\\\/2024\\\/11\\\/MODUL-Pakiet-6.png\",\"contentUrl\":\"https:\\\/\\\/e-schema.pl\\\/wp-content\\\/uploads\\\/2024\\\/11\\\/MODUL-Pakiet-6.png\",\"width\":1080,\"height\":1080},{\"@type\":\"BreadcrumbList\",\"@id\":\"https:\\\/\\\/e-schema.pl\\\/en\\\/produkt\\\/demonstracje-technik-terapii-schematow-modul-dodatkowy-magdaleny-kitlowskiej\\\/#breadcrumb\",\"itemListElement\":[{\"@type\":\"ListItem\",\"position\":1,\"name\":\"Strona g\u0142\u00f3wna\",\"item\":\"https:\\\/\\\/e-schema.pl\\\/en\\\/home\\\/\"},{\"@type\":\"ListItem\",\"position\":2,\"name\":\"Shop\",\"item\":\"https:\\\/\\\/e-schema.pl\\\/en\\\/shop\\\/\"},{\"@type\":\"ListItem\",\"position\":3,\"name\":\"Demonstracje Technik Terapii Schemat\u00f3w- Modu\u0142 Dodatkowy Magdaleny Kit\u0142owskiej\"}]},{\"@type\":\"WebSite\",\"@id\":\"https:\\\/\\\/e-schema.pl\\\/en\\\/#website\",\"url\":\"https:\\\/\\\/e-schema.pl\\\/en\\\/\",\"name\":\"E-schema\",\"description\":\"\",\"publisher\":{\"@id\":\"https:\\\/\\\/e-schema.pl\\\/en\\\/#organization\"},\"potentialAction\":[{\"@type\":\"SearchAction\",\"target\":{\"@type\":\"EntryPoint\",\"urlTemplate\":\"https:\\\/\\\/e-schema.pl\\\/en\\\/?s={search_term_string}\"},\"query-input\":{\"@type\":\"PropertyValueSpecification\",\"valueRequired\":true,\"valueName\":\"search_term_string\"}}],\"inLanguage\":\"en-US\"},{\"@type\":\"Organization\",\"@id\":\"https:\\\/\\\/e-schema.pl\\\/en\\\/#organization\",\"name\":\"E-schema\",\"url\":\"https:\\\/\\\/e-schema.pl\\\/en\\\/\",\"logo\":{\"@type\":\"ImageObject\",\"inLanguage\":\"en-US\",\"@id\":\"https:\\\/\\\/e-schema.pl\\\/en\\\/#\\\/schema\\\/logo\\\/image\\\/\",\"url\":\"https:\\\/\\\/e-schema.pl\\\/wp-content\\\/uploads\\\/2024\\\/07\\\/logo_clear.png\",\"contentUrl\":\"https:\\\/\\\/e-schema.pl\\\/wp-content\\\/uploads\\\/2024\\\/07\\\/logo_clear.png\",\"width\":785,\"height\":933,\"caption\":\"E-schema\"},\"image\":{\"@id\":\"https:\\\/\\\/e-schema.pl\\\/en\\\/#\\\/schema\\\/logo\\\/image\\\/\"}}]}<\/script>\n<!-- \/ Yoast SEO plugin. -->","yoast_head_json":{"title":"Demonstracje Technik- Modu\u0142 Dodatkowy Magdaleny Kit\u0142owskiej - e-schema","description":"Ten wyj\u0105tkowy modu\u0142 to zaawansowany zestaw demonstracji terapeutycznych, kt\u00f3ry stanowi rozszerzenie podstawowych technik terapii schemat\u00f3w.","robots":{"index":"index","follow":"follow","max-snippet":"max-snippet:-1","max-image-preview":"max-image-preview:large","max-video-preview":"max-video-preview:-1"},"canonical":"https:\/\/e-schema.pl\/en\/produkt\/demonstracje-technik-terapii-schematow-modul-dodatkowy-magdaleny-kitlowskiej\/","og_locale":"en_US","og_type":"article","og_title":"Demonstracje Technik- Modu\u0142 Dodatkowy Magdaleny Kit\u0142owskiej - e-schema","og_description":"Ten wyj\u0105tkowy modu\u0142 to zaawansowany zestaw demonstracji terapeutycznych, kt\u00f3ry stanowi rozszerzenie podstawowych technik terapii schemat\u00f3w.","og_url":"https:\/\/e-schema.pl\/en\/produkt\/demonstracje-technik-terapii-schematow-modul-dodatkowy-magdaleny-kitlowskiej\/","og_site_name":"e-schema","og_image":[{"width":1080,"height":1080,"url":"https:\/\/e-schema.pl\/wp-content\/uploads\/2024\/11\/MODUL-Pakiet-6.png","type":"image\/png"}],"twitter_card":"summary_large_image","twitter_misc":{"Est. reading time":"3 minutes"},"schema":{"@context":"https:\/\/schema.org","@graph":[{"@type":"WebPage","@id":"https:\/\/e-schema.pl\/en\/produkt\/demonstracje-technik-terapii-schematow-modul-dodatkowy-magdaleny-kitlowskiej\/","url":"https:\/\/e-schema.pl\/en\/produkt\/demonstracje-technik-terapii-schematow-modul-dodatkowy-magdaleny-kitlowskiej\/","name":"Demonstracje Technik- Modu\u0142 Dodatkowy Magdaleny Kit\u0142owskiej - e-schema","isPartOf":{"@id":"https:\/\/e-schema.pl\/en\/#website"},"primaryImageOfPage":{"@id":"https:\/\/e-schema.pl\/en\/produkt\/demonstracje-technik-terapii-schematow-modul-dodatkowy-magdaleny-kitlowskiej\/#primaryimage"},"image":{"@id":"https:\/\/e-schema.pl\/en\/produkt\/demonstracje-technik-terapii-schematow-modul-dodatkowy-magdaleny-kitlowskiej\/#primaryimage"},"thumbnailUrl":"https:\/\/e-schema.pl\/wp-content\/uploads\/2024\/11\/MODUL-Pakiet-6.png","datePublished":"2024-12-03T17:05:42+00:00","description":"Ten wyj\u0105tkowy modu\u0142 to zaawansowany zestaw demonstracji terapeutycznych, kt\u00f3ry stanowi rozszerzenie podstawowych technik terapii schemat\u00f3w.","breadcrumb":{"@id":"https:\/\/e-schema.pl\/en\/produkt\/demonstracje-technik-terapii-schematow-modul-dodatkowy-magdaleny-kitlowskiej\/#breadcrumb"},"inLanguage":"en-US","potentialAction":[{"@type":"ReadAction","target":["https:\/\/e-schema.pl\/en\/produkt\/demonstracje-technik-terapii-schematow-modul-dodatkowy-magdaleny-kitlowskiej\/"]}]},{"@type":"ImageObject","inLanguage":"en-US","@id":"https:\/\/e-schema.pl\/en\/produkt\/demonstracje-technik-terapii-schematow-modul-dodatkowy-magdaleny-kitlowskiej\/#primaryimage","url":"https:\/\/e-schema.pl\/wp-content\/uploads\/2024\/11\/MODUL-Pakiet-6.png","contentUrl":"https:\/\/e-schema.pl\/wp-content\/uploads\/2024\/11\/MODUL-Pakiet-6.png","width":1080,"height":1080},{"@type":"BreadcrumbList","@id":"https:\/\/e-schema.pl\/en\/produkt\/demonstracje-technik-terapii-schematow-modul-dodatkowy-magdaleny-kitlowskiej\/#breadcrumb","itemListElement":[{"@type":"ListItem","position":1,"name":"Strona g\u0142\u00f3wna","item":"https:\/\/e-schema.pl\/en\/home\/"},{"@type":"ListItem","position":2,"name":"Shop","item":"https:\/\/e-schema.pl\/en\/shop\/"},{"@type":"ListItem","position":3,"name":"Demonstracje Technik Terapii Schemat\u00f3w- Modu\u0142 Dodatkowy Magdaleny Kit\u0142owskiej"}]},{"@type":"WebSite","@id":"https:\/\/e-schema.pl\/en\/#website","url":"https:\/\/e-schema.pl\/en\/","name":"E-schema","description":"","publisher":{"@id":"https:\/\/e-schema.pl\/en\/#organization"},"potentialAction":[{"@type":"SearchAction","target":{"@type":"EntryPoint","urlTemplate":"https:\/\/e-schema.pl\/en\/?s={search_term_string}"},"query-input":{"@type":"PropertyValueSpecification","valueRequired":true,"valueName":"search_term_string"}}],"inLanguage":"en-US"},{"@type":"Organization","@id":"https:\/\/e-schema.pl\/en\/#organization","name":"E-schema","url":"https:\/\/e-schema.pl\/en\/","logo":{"@type":"ImageObject","inLanguage":"en-US","@id":"https:\/\/e-schema.pl\/en\/#\/schema\/logo\/image\/","url":"https:\/\/e-schema.pl\/wp-content\/uploads\/2024\/07\/logo_clear.png","contentUrl":"https:\/\/e-schema.pl\/wp-content\/uploads\/2024\/07\/logo_clear.png","width":785,"height":933,"caption":"E-schema"},"image":{"@id":"https:\/\/e-schema.pl\/en\/#\/schema\/logo\/image\/"}}]}},"_links":{"self":[{"href":"https:\/\/e-schema.pl\/en\/wp-json\/wp\/v2\/product\/3778","targetHints":{"allow":["GET"]}}],"collection":[{"href":"https:\/\/e-schema.pl\/en\/wp-json\/wp\/v2\/product"}],"about":[{"href":"https:\/\/e-schema.pl\/en\/wp-json\/wp\/v2\/types\/product"}],"wp:featuredmedia":[{"embeddable":true,"href":"https:\/\/e-schema.pl\/en\/wp-json\/wp\/v2\/media\/3766"}],"wp:attachment":[{"href":"https:\/\/e-schema.pl\/en\/wp-json\/wp\/v2\/media?parent=3778"}],"wp:term":[{"taxonomy":"product_brand","embeddable":true,"href":"https:\/\/e-schema.pl\/en\/wp-json\/wp\/v2\/product_brand?post=3778"},{"taxonomy":"product_cat","embeddable":true,"href":"https:\/\/e-schema.pl\/en\/wp-json\/wp\/v2\/product_cat?post=3778"},{"taxonomy":"product_tag","embeddable":true,"href":"https:\/\/e-schema.pl\/en\/wp-json\/wp\/v2\/product_tag?post=3778"}],"curies":[{"name":"wp","href":"https:\/\/api.w.org\/{rel}","templated":true}]}}