{"id":319,"date":"2024-08-05T01:26:03","date_gmt":"2024-08-04T23:26:03","guid":{"rendered":"https:\/\/e-schema.pl\/?post_type=product&#038;p=319"},"modified":"2024-10-28T11:22:16","modified_gmt":"2024-10-28T10:22:16","slug":"przewodnik-po-schematach","status":"publish","type":"product","link":"https:\/\/e-schema.pl\/en\/produkt\/przewodnik-po-schematach\/","title":{"rendered":"Przewodnik po Schematach autorstwa Teny Davies"},"content":{"rendered":"<p><b>PRZEWODNIK PO SCHEMATACH AUTORSTWA TENY DAVIES<\/b><\/p>\n<p>&nbsp;<\/p>\n<p><span style=\"font-weight: 400;\">Ka\u017cdy cyfrowy przewodnik (jedna strona):<\/span><\/p>\n<ul>\n<li style=\"font-weight: 400;\" aria-level=\"1\"><span style=\"font-weight: 400;\">Wyja\u015bnia kluczowe cechy schemat\u00f3w\u00a0 oraz r\u00f3\u017cnicuje je (np. defektywno\u015b\u0107 a pora\u017cka; rozgniewane dziecko a rozgniewany obro\u0144ca)<\/span><\/li>\n<li style=\"font-weight: 400;\" aria-level=\"1\"><span style=\"font-weight: 400;\">Opisuje cele terapii i typowe prezentacje klient\u00f3w<\/span><\/li>\n<li style=\"font-weight: 400;\" aria-level=\"1\"><span style=\"font-weight: 400;\">Wskazuje, na kt\u00f3re inne schematy i tryby nale\u017cy zwr\u00f3ci\u0107 uwag\u0119<\/span><\/li>\n<li style=\"font-weight: 400;\" aria-level=\"1\"><span style=\"font-weight: 400;\">Oferuje zalecenia dotycz\u0105ce leczenia, k\u0142ad\u0105c nacisk na techniki do\u015bwiadczeniowe i ograniczone &#8220;rodzicielstwo na nowo&#8221;<\/span><\/li>\n<li style=\"font-weight: 400;\" aria-level=\"1\"><span style=\"font-weight: 400;\">Pomo\u017ce ci leczy\u0107 schematy.<\/span><\/li>\n<\/ul>\n<p><span style=\"font-weight: 400;\">Poniewa\u017c schematy wzajemnie si\u0119 utrwalaj\u0105, wa\u017cne jest zintegrowanie ich, aby rozwi\u0105za\u0107 trudno\u015bci klienta. <\/span><\/p>\n<p>&nbsp;<\/p>\n<p><span style=\"font-weight: 400;\">Te obszerne, ale zwi\u0119z\u0142e cyfrowe przewodniki zawieraj\u0105 wiedz\u0119 zaczerpni\u0119t\u0105 z do\u015bwiadczenia autorki jako Psycholog Kliniczny, Zaawansowany Certyfikowany Terapeuta Schemat\u00f3w (certyfikowany przez ISST) i Superwizor PsyBa, oraz z r\u00f3\u017cnych tekst\u00f3w terapii schemat\u00f3w. Zestaw przewodnik\u00f3w kosztuje mniej ni\u017c jedna sesja superwizji, a oferuje zalecenia dotycz\u0105ce leczenia wszystkich 18 schemat\u00f3w dezadaptacyjnych.\u00a0 Przewodniki zosta\u0142y przet\u0142umaczone na j\u0119zyk polski przez mgr psychologii Magdalen\u0119 Kit\u0142owsk\u0105, Superwizora-Trenera oraz zaawansowanego terapeut\u0119 grupowej i indywidualnej Terapii Schematu.<\/span><\/p>\n<p>&nbsp;<\/p>\n<p><b>Przewodniki po Schematach obejmuj\u0105 18 schemat\u00f3w:<\/b><\/p>\n<p>&nbsp;<\/p>\n<p><span style=\"font-weight: 400;\">18 schemat\u00f3w dezadaptacyjnych (wszystkie 5 domen)<\/span><\/p>\n<ul>\n<li>Domena Oderwania i Odrzucenia<\/li>\n<li>Domena Zaburzonej Autonomii i Funkcjonowania<\/li>\n<li>Domena Zaburzonych Granic<\/li>\n<li>Domena Nakierowania na Innych<\/li>\n<li>Domena Nadmiernej Czujno\u015bci i Inhibicji<\/li>\n<\/ul>\n<p>Zach\u0119camy do zapoznania si\u0119 ze stron\u0105 internetow\u0105 autorki przewodnik\u00f3w: www.tenadavies.com<\/p>\n<p>&nbsp;<\/p>\n<p><b>Uwaga!<\/b><span style=\"font-weight: 400;\"> Przewodniki po Schematach to zestaw plik\u00f3w PDF skompresowanych w formacie .zip. Aby rozpakowa\u0107 plik i uzyska\u0107 dost\u0119p do przewodnik\u00f3w, post\u0119puj wed\u0142ug poni\u017cszych krok\u00f3w:<\/span><\/p>\n<ol>\n<li style=\"font-weight: 400;\" aria-level=\"1\"><span style=\"font-weight: 400;\">Pobierz plik \u2013 Po zakupie, kliknij na link w e-mailu i pobierz plik .zip na sw\u00f3j komputer.<\/span><\/li>\n<li style=\"font-weight: 400;\" aria-level=\"1\"><span style=\"font-weight: 400;\">Zlokalizuj pobrany plik \u2013 Odszukaj plik .zip w folderze, do kt\u00f3rego zosta\u0142y zapisane pobrane pliki (zazwyczaj folder \u201ePobrane\u201d lub miejsce wybrane w przegl\u0105darce).<\/span><\/li>\n<li style=\"font-weight: 400;\" aria-level=\"1\"><span style=\"font-weight: 400;\">Kliknij prawym przyciskiem myszy na plik .zip \u2013 Otworzy si\u0119 menu kontekstowe.<\/span><\/li>\n<li style=\"font-weight: 400;\" aria-level=\"1\"><span style=\"font-weight: 400;\">Wybierz opcj\u0119 \u201eWypakuj\u201d lub \u201eRozpakuj\u201d \u2013 W zale\u017cno\u015bci od systemu operacyjnego i zainstalowanego oprogramowania, opcja ta mo\u017ce si\u0119 nazywa\u0107 \u201eWypakuj tutaj\u201d, \u201eRozpakuj plik\u201d lub \u201eExtract all\u201d.<\/span><\/li>\n<li style=\"font-weight: 400;\" aria-level=\"1\"><span style=\"font-weight: 400;\">Wybierz lokalizacj\u0119 \u2013 Wybierz folder, w kt\u00f3rym chcesz zapisa\u0107 wypakowane pliki, i potwierd\u017a, klikaj\u0105c \u201eOK\u201d lub \u201eWypakuj\u201d.<\/span><\/li>\n<\/ol>\n<p><span style=\"font-weight: 400;\">Gotowe! \u2013 Po wypakowaniu b\u0119dziesz m\u00f3g\u0142 otworzy\u0107 poszczeg\u00f3lne pliki z przewodnikami.<\/span><\/p>\n<p><span style=\"font-weight: 400;\">Je\u015bli napotkasz trudno\u015bci, upewnij si\u0119, \u017ce masz zainstalowany odpowiedni program do rozpakowywania plik\u00f3w .zip, np. WinRAR, 7-Zip (dla Windows) lub Archive Utility (dla macOS).<\/span><\/p>\n","protected":false},"excerpt":{"rendered":"<p>Ka\u017cdy z 18 zawartych w komplecie Przewodnik\u00f3w po Schematach to jedna strona cyfrowego materia\u0142u, kt\u00f3ry wyja\u015bnia kluczowe cechy schemat\u00f3w oraz ich r\u00f3\u017cnice (np. defektywno\u015b\u0107 a pora\u017cka). Opisuje cele terapii, typowe zachowania klient\u00f3w, oraz wskazuje schematy i tryby, kt\u00f3re mog\u0105 wyst\u0105pi\u0107 jednocze\u015bnie. Przewodniki oferuj\u0105 zalecenia terapeutyczne, koncentruj\u0105c si\u0119 na technikach do\u015bwiadczeniowych i ograniczonym &#8220;rodzicielstwie na nowo&#8221;.<\/p>\n","protected":false},"featured_media":1652,"template":"","meta":{"_acf_changed":false},"product_brand":[],"product_cat":[15],"product_tag":[],"class_list":{"0":"post-319","1":"product","2":"type-product","3":"status-publish","4":"has-post-thumbnail","6":"product_cat-bez-kategorii","8":"first","9":"instock","10":"downloadable","11":"virtual","12":"taxable","13":"purchasable","14":"product-type-simple"},"acf":[],"yoast_head":"<!-- This site is optimized with the Yoast SEO plugin v27.4 - https:\/\/yoast.com\/product\/yoast-seo-wordpress\/ -->\n<title>Przewodnik po Schematach autorstwa Teny Davies - e-schema<\/title>\n<meta name=\"robots\" content=\"index, follow, max-snippet:-1, max-image-preview:large, max-video-preview:-1\" \/>\n<link rel=\"canonical\" href=\"https:\/\/e-schema.pl\/en\/produkt\/przewodnik-po-schematach\/\" \/>\n<meta property=\"og:locale\" content=\"en_US\" \/>\n<meta property=\"og:type\" content=\"article\" \/>\n<meta property=\"og:title\" content=\"Przewodnik po Schematach autorstwa Teny Davies - e-schema\" \/>\n<meta property=\"og:description\" content=\"Ka\u017cdy z 18 zawartych w komplecie Przewodnik\u00f3w po Schematach to jedna strona cyfrowego materia\u0142u, kt\u00f3ry wyja\u015bnia kluczowe cechy schemat\u00f3w oraz ich r\u00f3\u017cnice (np. defektywno\u015b\u0107 a pora\u017cka). Opisuje cele terapii, typowe zachowania klient\u00f3w, oraz wskazuje schematy i tryby, kt\u00f3re mog\u0105 wyst\u0105pi\u0107 jednocze\u015bnie. Przewodniki oferuj\u0105 zalecenia terapeutyczne, koncentruj\u0105c si\u0119 na technikach do\u015bwiadczeniowych i ograniczonym &quot;rodzicielstwie na nowo&quot;.\" \/>\n<meta property=\"og:url\" content=\"https:\/\/e-schema.pl\/en\/produkt\/przewodnik-po-schematach\/\" \/>\n<meta property=\"og:site_name\" content=\"e-schema\" \/>\n<meta property=\"article:modified_time\" content=\"2024-10-28T10:22:16+00:00\" \/>\n<meta property=\"og:image\" content=\"https:\/\/e-schema.pl\/wp-content\/uploads\/2024\/08\/tena-mockup-schematy.png\" \/>\n\t<meta property=\"og:image:width\" content=\"1080\" \/>\n\t<meta property=\"og:image:height\" content=\"1080\" \/>\n\t<meta property=\"og:image:type\" content=\"image\/png\" \/>\n<meta name=\"twitter:card\" content=\"summary_large_image\" \/>\n<meta name=\"twitter:label1\" content=\"Est. reading time\" \/>\n\t<meta name=\"twitter:data1\" content=\"3 minutes\" \/>\n<script type=\"application\/ld+json\" class=\"yoast-schema-graph\">{\"@context\":\"https:\\\/\\\/schema.org\",\"@graph\":[{\"@type\":\"WebPage\",\"@id\":\"https:\\\/\\\/e-schema.pl\\\/en\\\/produkt\\\/przewodnik-po-schematach\\\/\",\"url\":\"https:\\\/\\\/e-schema.pl\\\/en\\\/produkt\\\/przewodnik-po-schematach\\\/\",\"name\":\"Przewodnik po Schematach autorstwa Teny Davies - e-schema\",\"isPartOf\":{\"@id\":\"https:\\\/\\\/e-schema.pl\\\/en\\\/#website\"},\"primaryImageOfPage\":{\"@id\":\"https:\\\/\\\/e-schema.pl\\\/en\\\/produkt\\\/przewodnik-po-schematach\\\/#primaryimage\"},\"image\":{\"@id\":\"https:\\\/\\\/e-schema.pl\\\/en\\\/produkt\\\/przewodnik-po-schematach\\\/#primaryimage\"},\"thumbnailUrl\":\"https:\\\/\\\/e-schema.pl\\\/wp-content\\\/uploads\\\/2024\\\/08\\\/tena-mockup-schematy.png\",\"datePublished\":\"2024-08-04T23:26:03+00:00\",\"dateModified\":\"2024-10-28T10:22:16+00:00\",\"breadcrumb\":{\"@id\":\"https:\\\/\\\/e-schema.pl\\\/en\\\/produkt\\\/przewodnik-po-schematach\\\/#breadcrumb\"},\"inLanguage\":\"en-US\",\"potentialAction\":[{\"@type\":\"ReadAction\",\"target\":[\"https:\\\/\\\/e-schema.pl\\\/en\\\/produkt\\\/przewodnik-po-schematach\\\/\"]}]},{\"@type\":\"ImageObject\",\"inLanguage\":\"en-US\",\"@id\":\"https:\\\/\\\/e-schema.pl\\\/en\\\/produkt\\\/przewodnik-po-schematach\\\/#primaryimage\",\"url\":\"https:\\\/\\\/e-schema.pl\\\/wp-content\\\/uploads\\\/2024\\\/08\\\/tena-mockup-schematy.png\",\"contentUrl\":\"https:\\\/\\\/e-schema.pl\\\/wp-content\\\/uploads\\\/2024\\\/08\\\/tena-mockup-schematy.png\",\"width\":1080,\"height\":1080},{\"@type\":\"BreadcrumbList\",\"@id\":\"https:\\\/\\\/e-schema.pl\\\/en\\\/produkt\\\/przewodnik-po-schematach\\\/#breadcrumb\",\"itemListElement\":[{\"@type\":\"ListItem\",\"position\":1,\"name\":\"Strona g\u0142\u00f3wna\",\"item\":\"https:\\\/\\\/e-schema.pl\\\/en\\\/home\\\/\"},{\"@type\":\"ListItem\",\"position\":2,\"name\":\"Shop\",\"item\":\"https:\\\/\\\/e-schema.pl\\\/en\\\/shop\\\/\"},{\"@type\":\"ListItem\",\"position\":3,\"name\":\"Przewodnik po Schematach autorstwa Teny Davies\"}]},{\"@type\":\"WebSite\",\"@id\":\"https:\\\/\\\/e-schema.pl\\\/en\\\/#website\",\"url\":\"https:\\\/\\\/e-schema.pl\\\/en\\\/\",\"name\":\"E-schema\",\"description\":\"\",\"publisher\":{\"@id\":\"https:\\\/\\\/e-schema.pl\\\/en\\\/#organization\"},\"potentialAction\":[{\"@type\":\"SearchAction\",\"target\":{\"@type\":\"EntryPoint\",\"urlTemplate\":\"https:\\\/\\\/e-schema.pl\\\/en\\\/?s={search_term_string}\"},\"query-input\":{\"@type\":\"PropertyValueSpecification\",\"valueRequired\":true,\"valueName\":\"search_term_string\"}}],\"inLanguage\":\"en-US\"},{\"@type\":\"Organization\",\"@id\":\"https:\\\/\\\/e-schema.pl\\\/en\\\/#organization\",\"name\":\"E-schema\",\"url\":\"https:\\\/\\\/e-schema.pl\\\/en\\\/\",\"logo\":{\"@type\":\"ImageObject\",\"inLanguage\":\"en-US\",\"@id\":\"https:\\\/\\\/e-schema.pl\\\/en\\\/#\\\/schema\\\/logo\\\/image\\\/\",\"url\":\"https:\\\/\\\/e-schema.pl\\\/wp-content\\\/uploads\\\/2024\\\/07\\\/logo_clear.png\",\"contentUrl\":\"https:\\\/\\\/e-schema.pl\\\/wp-content\\\/uploads\\\/2024\\\/07\\\/logo_clear.png\",\"width\":785,\"height\":933,\"caption\":\"E-schema\"},\"image\":{\"@id\":\"https:\\\/\\\/e-schema.pl\\\/en\\\/#\\\/schema\\\/logo\\\/image\\\/\"}}]}<\/script>\n<!-- \/ Yoast SEO plugin. -->","yoast_head_json":{"title":"Przewodnik po Schematach autorstwa Teny Davies - e-schema","robots":{"index":"index","follow":"follow","max-snippet":"max-snippet:-1","max-image-preview":"max-image-preview:large","max-video-preview":"max-video-preview:-1"},"canonical":"https:\/\/e-schema.pl\/en\/produkt\/przewodnik-po-schematach\/","og_locale":"en_US","og_type":"article","og_title":"Przewodnik po Schematach autorstwa Teny Davies - e-schema","og_description":"Ka\u017cdy z 18 zawartych w komplecie Przewodnik\u00f3w po Schematach to jedna strona cyfrowego materia\u0142u, kt\u00f3ry wyja\u015bnia kluczowe cechy schemat\u00f3w oraz ich r\u00f3\u017cnice (np. defektywno\u015b\u0107 a pora\u017cka). Opisuje cele terapii, typowe zachowania klient\u00f3w, oraz wskazuje schematy i tryby, kt\u00f3re mog\u0105 wyst\u0105pi\u0107 jednocze\u015bnie. Przewodniki oferuj\u0105 zalecenia terapeutyczne, koncentruj\u0105c si\u0119 na technikach do\u015bwiadczeniowych i ograniczonym \"rodzicielstwie na nowo\".","og_url":"https:\/\/e-schema.pl\/en\/produkt\/przewodnik-po-schematach\/","og_site_name":"e-schema","article_modified_time":"2024-10-28T10:22:16+00:00","og_image":[{"width":1080,"height":1080,"url":"https:\/\/e-schema.pl\/wp-content\/uploads\/2024\/08\/tena-mockup-schematy.png","type":"image\/png"}],"twitter_card":"summary_large_image","twitter_misc":{"Est. reading time":"3 minutes"},"schema":{"@context":"https:\/\/schema.org","@graph":[{"@type":"WebPage","@id":"https:\/\/e-schema.pl\/en\/produkt\/przewodnik-po-schematach\/","url":"https:\/\/e-schema.pl\/en\/produkt\/przewodnik-po-schematach\/","name":"Przewodnik po Schematach autorstwa Teny Davies - e-schema","isPartOf":{"@id":"https:\/\/e-schema.pl\/en\/#website"},"primaryImageOfPage":{"@id":"https:\/\/e-schema.pl\/en\/produkt\/przewodnik-po-schematach\/#primaryimage"},"image":{"@id":"https:\/\/e-schema.pl\/en\/produkt\/przewodnik-po-schematach\/#primaryimage"},"thumbnailUrl":"https:\/\/e-schema.pl\/wp-content\/uploads\/2024\/08\/tena-mockup-schematy.png","datePublished":"2024-08-04T23:26:03+00:00","dateModified":"2024-10-28T10:22:16+00:00","breadcrumb":{"@id":"https:\/\/e-schema.pl\/en\/produkt\/przewodnik-po-schematach\/#breadcrumb"},"inLanguage":"en-US","potentialAction":[{"@type":"ReadAction","target":["https:\/\/e-schema.pl\/en\/produkt\/przewodnik-po-schematach\/"]}]},{"@type":"ImageObject","inLanguage":"en-US","@id":"https:\/\/e-schema.pl\/en\/produkt\/przewodnik-po-schematach\/#primaryimage","url":"https:\/\/e-schema.pl\/wp-content\/uploads\/2024\/08\/tena-mockup-schematy.png","contentUrl":"https:\/\/e-schema.pl\/wp-content\/uploads\/2024\/08\/tena-mockup-schematy.png","width":1080,"height":1080},{"@type":"BreadcrumbList","@id":"https:\/\/e-schema.pl\/en\/produkt\/przewodnik-po-schematach\/#breadcrumb","itemListElement":[{"@type":"ListItem","position":1,"name":"Strona g\u0142\u00f3wna","item":"https:\/\/e-schema.pl\/en\/home\/"},{"@type":"ListItem","position":2,"name":"Shop","item":"https:\/\/e-schema.pl\/en\/shop\/"},{"@type":"ListItem","position":3,"name":"Przewodnik po Schematach autorstwa Teny Davies"}]},{"@type":"WebSite","@id":"https:\/\/e-schema.pl\/en\/#website","url":"https:\/\/e-schema.pl\/en\/","name":"E-schema","description":"","publisher":{"@id":"https:\/\/e-schema.pl\/en\/#organization"},"potentialAction":[{"@type":"SearchAction","target":{"@type":"EntryPoint","urlTemplate":"https:\/\/e-schema.pl\/en\/?s={search_term_string}"},"query-input":{"@type":"PropertyValueSpecification","valueRequired":true,"valueName":"search_term_string"}}],"inLanguage":"en-US"},{"@type":"Organization","@id":"https:\/\/e-schema.pl\/en\/#organization","name":"E-schema","url":"https:\/\/e-schema.pl\/en\/","logo":{"@type":"ImageObject","inLanguage":"en-US","@id":"https:\/\/e-schema.pl\/en\/#\/schema\/logo\/image\/","url":"https:\/\/e-schema.pl\/wp-content\/uploads\/2024\/07\/logo_clear.png","contentUrl":"https:\/\/e-schema.pl\/wp-content\/uploads\/2024\/07\/logo_clear.png","width":785,"height":933,"caption":"E-schema"},"image":{"@id":"https:\/\/e-schema.pl\/en\/#\/schema\/logo\/image\/"}}]}},"_links":{"self":[{"href":"https:\/\/e-schema.pl\/en\/wp-json\/wp\/v2\/product\/319","targetHints":{"allow":["GET"]}}],"collection":[{"href":"https:\/\/e-schema.pl\/en\/wp-json\/wp\/v2\/product"}],"about":[{"href":"https:\/\/e-schema.pl\/en\/wp-json\/wp\/v2\/types\/product"}],"wp:featuredmedia":[{"embeddable":true,"href":"https:\/\/e-schema.pl\/en\/wp-json\/wp\/v2\/media\/1652"}],"wp:attachment":[{"href":"https:\/\/e-schema.pl\/en\/wp-json\/wp\/v2\/media?parent=319"}],"wp:term":[{"taxonomy":"product_brand","embeddable":true,"href":"https:\/\/e-schema.pl\/en\/wp-json\/wp\/v2\/product_brand?post=319"},{"taxonomy":"product_cat","embeddable":true,"href":"https:\/\/e-schema.pl\/en\/wp-json\/wp\/v2\/product_cat?post=319"},{"taxonomy":"product_tag","embeddable":true,"href":"https:\/\/e-schema.pl\/en\/wp-json\/wp\/v2\/product_tag?post=319"}],"curies":[{"name":"wp","href":"https:\/\/api.w.org\/{rel}","templated":true}]}}