{"id":2596,"date":"2024-11-05T21:28:52","date_gmt":"2024-11-05T20:28:52","guid":{"rendered":"https:\/\/e-schema.pl\/?post_type=product&#038;p=2596"},"modified":"2025-01-21T00:49:25","modified_gmt":"2025-01-20T23:49:25","slug":"tryby-kryminalne-w-terapii-schematu-webinar","status":"publish","type":"product","link":"https:\/\/e-schema.pl\/en\/produkt\/tryby-kryminalne-w-terapii-schematu-webinar\/","title":{"rendered":"Tryby Kryminalne w Terapii Schematu \u2013 Webinar"},"content":{"rendered":"<h2 class=\"wp-block-heading\"><strong>Tryby Kryminalne w Terapii Schematu \u2013 Webinar<\/strong><\/h2>\n<p>Zapraszamy do zakupu webinaru \u201eTryby Kryminalne w Terapii Schematu\u201d. Nagranie specjalistyczne szczeg\u00f3\u0142owo omawia zastosowanie modelu terapii schemat\u00f3w w pracy z osobami przejawiaj\u0105cymi zachowania kryminalne i destrukcyjne. Webinar prowadzi <a href=\"https:\/\/e-schema.pl\/o-nas\/\">Magdalena Kit\u0142owska.<\/a><\/p>\n<p>Webinar dedykowany jest psychoterapeutom, klinicystom oraz osobom pracuj\u0105cym z pacjentami w systemach penitencjarnych.<\/p>\n<h3 class=\"wp-block-heading\"><strong>Tematyka i zawarto\u015b\u0107 webinaru<\/strong><\/h3>\n<p>Webinar \u201eTryby Kryminalne w Terapii Schematu\u201d szczeg\u00f3\u0142owo omawia zastosowanie modelu terapii schemat\u00f3w w pracy z osobami przejawiaj\u0105cymi zachowania kryminalne i destrukcyjne. Materia\u0142 ten jest niezb\u0119dny dla specjalist\u00f3w chc\u0105cych lepiej zrozumie\u0107 psychologiczne pod\u0142o\u017ce zachowa\u0144 przest\u0119pczych oraz efektywnie wspiera\u0107 pacjent\u00f3w w o\u015brodkach terapeutycznych i penitencjarnych. Webinar sk\u0142ada si\u0119 z prezentacji w formie filmu (czas trwania ok. 1,5 godziny).<\/p>\n<p>Koszt webinaru wynosi 200 pln. Webinar zawiera prezentacj\u0119 w formie filmu oraz prezentacj\u0119 w dokumencie pdf. Po zakupie kursu, u\u017cykownik od razu otrzymuje dost\u0119p do webinaru na naszej platformie kursowej.<\/p>\n<p><strong>Uwaga!<\/strong> Zakup wymaga za\u0142o\u017cenia konta na naszej stronie.<\/p>\n<h3 class=\"wp-block-heading\">Tematyka Webinaru<\/h3>\n<ol class=\"wp-block-list\">\n<li><strong>R\u00f3\u017cnice mi\u0119dzy prac\u0105 kliniczn\u0105 a penitencjarn\u0105<\/strong>. \u2013 Om\u00f3wienie specyfiki pracy z pacjentami o nasilonych trybach radzenia sobie oraz wp\u0142ywu tych tryb\u00f3w na ich konflikt z prawem.<\/li>\n<li><strong>Prezentacje kryminalne poszczeg\u00f3lnych Tryb\u00f3w<\/strong>. \u2013 Szczeg\u00f3\u0142owa charakterystyka takich tryb\u00f3w jak: Samopowi\u0119kszacz, Drapie\u017cnik, Dr\u0119czyciel, Manipulator czy Paranoiczny Nadkontroler, z uwzgl\u0119dnieniem ich specyfiki w kontek\u015bcie kryminalnym.<\/li>\n<li><strong>Strategie terapeutyczne i interwencje<\/strong>. \u2013 Metody pracy nad stawianiem granic, budowaniem relacji terapeutycznej oraz empatyczn\u0105 konfrontacj\u0105 w sytuacjach wywo\u0142uj\u0105cych emocje i napi\u0119cie, typowe w pracy z pacjentami penitencjarnymi.<\/li>\n<li><strong>Tworzenie konceptualizacji przypadku<\/strong>\u00a0\u2013 wskaz\u00f3wki, jak prowadzi\u0107 wywiad terapeutyczny oraz jak rozpoznawa\u0107 potrzeby pacjent\u00f3w i efektywnie wykorzystywa\u0107 testy diagnostyczne (np. YSQ, YPI).<\/li>\n<li><strong>Rozpoznawanie niezaspokojonych potrzeb i wczesnych do\u015bwiadcze\u0144<\/strong>. \u2013 Analiza wp\u0142ywu traum i deficyt\u00f3w emocjonalnych na rozw\u00f3j destrukcyjnych tryb\u00f3w. Konsekwencje w \u017cyciu doros\u0142ym pacjenta.<\/li>\n<\/ol>\n<h3 class=\"wp-block-heading\"><strong>Dla kogo jest przeznaczony?<\/strong><\/h3>\n<p>Webinar pos\u0142u\u017cy psychoterapeutom i specjalistom w terapii schemat\u00f3w. Przeznaczony jest tak\u017ce osobom pracuj\u0105cym w s\u0142u\u017cbie zdrowia psychicznego oraz zawodowo zwi\u0105zanym z o\u015brodkami resocjalizacji i penitencjarnymi. Pomaga on zrozumie\u0107 z\u0142o\u017cono\u015b\u0107 psychologiczn\u0105 os\u00f3b z zaburzeniami osobowo\u015bci, kt\u00f3re wesz\u0142y w konflikt z prawem. Dostarcza tak\u017ce narz\u0119dzi do efektywniejszej pracy terapeutycznej.<\/p>\n<h3 class=\"wp-block-heading\"><strong>Korzy\u015bci z webinaru<\/strong><\/h3>\n<p>Uczestnicy zdob\u0119d\u0105 kompleksow\u0105 wiedz\u0119 na temat identyfikacji i pracy z trybami kryminalnymi oraz technik umo\u017cliwiaj\u0105cych efektywn\u0105 terapi\u0119. Webinar dostarcza praktycznych narz\u0119dzi do pracy z pacjentami. Dostarcza tak\u017ce wskaz\u00f3wek dotycz\u0105cych budowania zdrowej relacji terapeutycznej opartej na zrozumieniu i empatii, z jednoczesnym stawianiem granic.<\/p>\n<p>Webinar jest kursem. Po zakupie, dost\u0119p do webinaru znajdzie si\u0119 na Platformie Kursowej dost\u0119pnej po zalogowaniu.<\/p>\n","protected":false},"excerpt":{"rendered":"<p>Webinar \u201eTryby Kryminalne w Terapii Schematu\u201d prowadzony przez Magdalen\u0119 Kit\u0142owsk\u0105 szczeg\u00f3\u0142owo omawia zastosowanie modelu terapii schemat\u00f3w w pracy z osobami przejawiaj\u0105cymi zachowania kryminalne i destrukcyjne. Materia\u0142 ten jest niezb\u0119dny dla specjalist\u00f3w chc\u0105cych lepiej zrozumie\u0107 psychologiczne pod\u0142o\u017ce zachowa\u0144 przest\u0119pczych oraz efektywnie wspiera\u0107 pacjent\u00f3w w o\u015brodkach terapeutycznych i penitencjarnych. Webinar sk\u0142ada si\u0119 z prezentacji w formie filmu (czas trwania: 1,5 godziny).<\/p>\n","protected":false},"featured_media":2604,"template":"","meta":{"_acf_changed":false},"product_brand":[],"product_cat":[15],"product_tag":[68,69,67],"class_list":{"0":"post-2596","1":"product","2":"type-product","3":"status-publish","4":"has-post-thumbnail","6":"product_cat-bez-kategorii","7":"product_tag-terapia-schematow","8":"product_tag-tryby-kryminalne","9":"product_tag-webinar","11":"first","12":"instock","13":"virtual","14":"sold-individually","15":"taxable","16":"purchasable","17":"product-type-course"},"acf":[],"yoast_head":"<!-- This site is optimized with the Yoast SEO plugin v27.4 - https:\/\/yoast.com\/product\/yoast-seo-wordpress\/ -->\n<title>Tryby Kryminalne w Terapii Schematu \u2013 Webinar - e-schema<\/title>\n<meta name=\"description\" content=\"Webinar \u201eTryby Kryminalne w Terapii Schematu\u201d omawia zastosowanie terapii schemat\u00f3w w pracy z osobami przejawiaj\u0105cymi zachowania kryminalne i destrukcyjne.\" \/>\n<meta name=\"robots\" content=\"index, follow, max-snippet:-1, max-image-preview:large, max-video-preview:-1\" \/>\n<link rel=\"canonical\" href=\"https:\/\/e-schema.pl\/en\/produkt\/tryby-kryminalne-w-terapii-schematu-webinar\/\" \/>\n<meta property=\"og:locale\" content=\"en_US\" \/>\n<meta property=\"og:type\" content=\"article\" \/>\n<meta property=\"og:title\" content=\"Tryby Kryminalne w Terapii Schematu \u2013 Webinar - e-schema\" \/>\n<meta property=\"og:description\" content=\"Webinar \u201eTryby Kryminalne w Terapii Schematu\u201d omawia zastosowanie terapii schemat\u00f3w w pracy z osobami przejawiaj\u0105cymi zachowania kryminalne i destrukcyjne.\" \/>\n<meta property=\"og:url\" content=\"https:\/\/e-schema.pl\/en\/produkt\/tryby-kryminalne-w-terapii-schematu-webinar\/\" \/>\n<meta property=\"og:site_name\" content=\"e-schema\" \/>\n<meta property=\"article:modified_time\" content=\"2025-01-20T23:49:25+00:00\" \/>\n<meta property=\"og:image\" content=\"https:\/\/e-schema.pl\/wp-content\/uploads\/2024\/11\/tryby-kryminaIne-3.png\" \/>\n\t<meta property=\"og:image:width\" content=\"1080\" \/>\n\t<meta property=\"og:image:height\" content=\"1080\" \/>\n\t<meta property=\"og:image:type\" content=\"image\/png\" \/>\n<meta name=\"twitter:card\" content=\"summary_large_image\" \/>\n<meta name=\"twitter:label1\" content=\"Est. reading time\" \/>\n\t<meta name=\"twitter:data1\" content=\"3 minutes\" \/>\n<script type=\"application\/ld+json\" class=\"yoast-schema-graph\">{\"@context\":\"https:\\\/\\\/schema.org\",\"@graph\":[{\"@type\":\"WebPage\",\"@id\":\"https:\\\/\\\/e-schema.pl\\\/en\\\/produkt\\\/tryby-kryminalne-w-terapii-schematu-webinar\\\/\",\"url\":\"https:\\\/\\\/e-schema.pl\\\/en\\\/produkt\\\/tryby-kryminalne-w-terapii-schematu-webinar\\\/\",\"name\":\"Tryby Kryminalne w Terapii Schematu \u2013 Webinar - e-schema\",\"isPartOf\":{\"@id\":\"https:\\\/\\\/e-schema.pl\\\/en\\\/#website\"},\"primaryImageOfPage\":{\"@id\":\"https:\\\/\\\/e-schema.pl\\\/en\\\/produkt\\\/tryby-kryminalne-w-terapii-schematu-webinar\\\/#primaryimage\"},\"image\":{\"@id\":\"https:\\\/\\\/e-schema.pl\\\/en\\\/produkt\\\/tryby-kryminalne-w-terapii-schematu-webinar\\\/#primaryimage\"},\"thumbnailUrl\":\"https:\\\/\\\/e-schema.pl\\\/wp-content\\\/uploads\\\/2024\\\/11\\\/tryby-kryminaIne-3.png\",\"datePublished\":\"2024-11-05T20:28:52+00:00\",\"dateModified\":\"2025-01-20T23:49:25+00:00\",\"description\":\"Webinar \u201eTryby Kryminalne w Terapii Schematu\u201d omawia zastosowanie terapii schemat\u00f3w w pracy z osobami przejawiaj\u0105cymi zachowania kryminalne i destrukcyjne.\",\"breadcrumb\":{\"@id\":\"https:\\\/\\\/e-schema.pl\\\/en\\\/produkt\\\/tryby-kryminalne-w-terapii-schematu-webinar\\\/#breadcrumb\"},\"inLanguage\":\"en-US\",\"potentialAction\":[{\"@type\":\"ReadAction\",\"target\":[\"https:\\\/\\\/e-schema.pl\\\/en\\\/produkt\\\/tryby-kryminalne-w-terapii-schematu-webinar\\\/\"]}]},{\"@type\":\"ImageObject\",\"inLanguage\":\"en-US\",\"@id\":\"https:\\\/\\\/e-schema.pl\\\/en\\\/produkt\\\/tryby-kryminalne-w-terapii-schematu-webinar\\\/#primaryimage\",\"url\":\"https:\\\/\\\/e-schema.pl\\\/wp-content\\\/uploads\\\/2024\\\/11\\\/tryby-kryminaIne-3.png\",\"contentUrl\":\"https:\\\/\\\/e-schema.pl\\\/wp-content\\\/uploads\\\/2024\\\/11\\\/tryby-kryminaIne-3.png\",\"width\":1080,\"height\":1080},{\"@type\":\"BreadcrumbList\",\"@id\":\"https:\\\/\\\/e-schema.pl\\\/en\\\/produkt\\\/tryby-kryminalne-w-terapii-schematu-webinar\\\/#breadcrumb\",\"itemListElement\":[{\"@type\":\"ListItem\",\"position\":1,\"name\":\"Strona g\u0142\u00f3wna\",\"item\":\"https:\\\/\\\/e-schema.pl\\\/en\\\/home\\\/\"},{\"@type\":\"ListItem\",\"position\":2,\"name\":\"Shop\",\"item\":\"https:\\\/\\\/e-schema.pl\\\/en\\\/shop\\\/\"},{\"@type\":\"ListItem\",\"position\":3,\"name\":\"Tryby Kryminalne w Terapii Schematu \u2013 Webinar\"}]},{\"@type\":\"WebSite\",\"@id\":\"https:\\\/\\\/e-schema.pl\\\/en\\\/#website\",\"url\":\"https:\\\/\\\/e-schema.pl\\\/en\\\/\",\"name\":\"E-schema\",\"description\":\"\",\"publisher\":{\"@id\":\"https:\\\/\\\/e-schema.pl\\\/en\\\/#organization\"},\"potentialAction\":[{\"@type\":\"SearchAction\",\"target\":{\"@type\":\"EntryPoint\",\"urlTemplate\":\"https:\\\/\\\/e-schema.pl\\\/en\\\/?s={search_term_string}\"},\"query-input\":{\"@type\":\"PropertyValueSpecification\",\"valueRequired\":true,\"valueName\":\"search_term_string\"}}],\"inLanguage\":\"en-US\"},{\"@type\":\"Organization\",\"@id\":\"https:\\\/\\\/e-schema.pl\\\/en\\\/#organization\",\"name\":\"E-schema\",\"url\":\"https:\\\/\\\/e-schema.pl\\\/en\\\/\",\"logo\":{\"@type\":\"ImageObject\",\"inLanguage\":\"en-US\",\"@id\":\"https:\\\/\\\/e-schema.pl\\\/en\\\/#\\\/schema\\\/logo\\\/image\\\/\",\"url\":\"https:\\\/\\\/e-schema.pl\\\/wp-content\\\/uploads\\\/2024\\\/07\\\/logo_clear.png\",\"contentUrl\":\"https:\\\/\\\/e-schema.pl\\\/wp-content\\\/uploads\\\/2024\\\/07\\\/logo_clear.png\",\"width\":785,\"height\":933,\"caption\":\"E-schema\"},\"image\":{\"@id\":\"https:\\\/\\\/e-schema.pl\\\/en\\\/#\\\/schema\\\/logo\\\/image\\\/\"}}]}<\/script>\n<!-- \/ Yoast SEO plugin. -->","yoast_head_json":{"title":"Tryby Kryminalne w Terapii Schematu \u2013 Webinar - e-schema","description":"Webinar \u201eTryby Kryminalne w Terapii Schematu\u201d omawia zastosowanie terapii schemat\u00f3w w pracy z osobami przejawiaj\u0105cymi zachowania kryminalne i destrukcyjne.","robots":{"index":"index","follow":"follow","max-snippet":"max-snippet:-1","max-image-preview":"max-image-preview:large","max-video-preview":"max-video-preview:-1"},"canonical":"https:\/\/e-schema.pl\/en\/produkt\/tryby-kryminalne-w-terapii-schematu-webinar\/","og_locale":"en_US","og_type":"article","og_title":"Tryby Kryminalne w Terapii Schematu \u2013 Webinar - e-schema","og_description":"Webinar \u201eTryby Kryminalne w Terapii Schematu\u201d omawia zastosowanie terapii schemat\u00f3w w pracy z osobami przejawiaj\u0105cymi zachowania kryminalne i destrukcyjne.","og_url":"https:\/\/e-schema.pl\/en\/produkt\/tryby-kryminalne-w-terapii-schematu-webinar\/","og_site_name":"e-schema","article_modified_time":"2025-01-20T23:49:25+00:00","og_image":[{"width":1080,"height":1080,"url":"https:\/\/e-schema.pl\/wp-content\/uploads\/2024\/11\/tryby-kryminaIne-3.png","type":"image\/png"}],"twitter_card":"summary_large_image","twitter_misc":{"Est. reading time":"3 minutes"},"schema":{"@context":"https:\/\/schema.org","@graph":[{"@type":"WebPage","@id":"https:\/\/e-schema.pl\/en\/produkt\/tryby-kryminalne-w-terapii-schematu-webinar\/","url":"https:\/\/e-schema.pl\/en\/produkt\/tryby-kryminalne-w-terapii-schematu-webinar\/","name":"Tryby Kryminalne w Terapii Schematu \u2013 Webinar - e-schema","isPartOf":{"@id":"https:\/\/e-schema.pl\/en\/#website"},"primaryImageOfPage":{"@id":"https:\/\/e-schema.pl\/en\/produkt\/tryby-kryminalne-w-terapii-schematu-webinar\/#primaryimage"},"image":{"@id":"https:\/\/e-schema.pl\/en\/produkt\/tryby-kryminalne-w-terapii-schematu-webinar\/#primaryimage"},"thumbnailUrl":"https:\/\/e-schema.pl\/wp-content\/uploads\/2024\/11\/tryby-kryminaIne-3.png","datePublished":"2024-11-05T20:28:52+00:00","dateModified":"2025-01-20T23:49:25+00:00","description":"Webinar \u201eTryby Kryminalne w Terapii Schematu\u201d omawia zastosowanie terapii schemat\u00f3w w pracy z osobami przejawiaj\u0105cymi zachowania kryminalne i destrukcyjne.","breadcrumb":{"@id":"https:\/\/e-schema.pl\/en\/produkt\/tryby-kryminalne-w-terapii-schematu-webinar\/#breadcrumb"},"inLanguage":"en-US","potentialAction":[{"@type":"ReadAction","target":["https:\/\/e-schema.pl\/en\/produkt\/tryby-kryminalne-w-terapii-schematu-webinar\/"]}]},{"@type":"ImageObject","inLanguage":"en-US","@id":"https:\/\/e-schema.pl\/en\/produkt\/tryby-kryminalne-w-terapii-schematu-webinar\/#primaryimage","url":"https:\/\/e-schema.pl\/wp-content\/uploads\/2024\/11\/tryby-kryminaIne-3.png","contentUrl":"https:\/\/e-schema.pl\/wp-content\/uploads\/2024\/11\/tryby-kryminaIne-3.png","width":1080,"height":1080},{"@type":"BreadcrumbList","@id":"https:\/\/e-schema.pl\/en\/produkt\/tryby-kryminalne-w-terapii-schematu-webinar\/#breadcrumb","itemListElement":[{"@type":"ListItem","position":1,"name":"Strona g\u0142\u00f3wna","item":"https:\/\/e-schema.pl\/en\/home\/"},{"@type":"ListItem","position":2,"name":"Shop","item":"https:\/\/e-schema.pl\/en\/shop\/"},{"@type":"ListItem","position":3,"name":"Tryby Kryminalne w Terapii Schematu \u2013 Webinar"}]},{"@type":"WebSite","@id":"https:\/\/e-schema.pl\/en\/#website","url":"https:\/\/e-schema.pl\/en\/","name":"E-schema","description":"","publisher":{"@id":"https:\/\/e-schema.pl\/en\/#organization"},"potentialAction":[{"@type":"SearchAction","target":{"@type":"EntryPoint","urlTemplate":"https:\/\/e-schema.pl\/en\/?s={search_term_string}"},"query-input":{"@type":"PropertyValueSpecification","valueRequired":true,"valueName":"search_term_string"}}],"inLanguage":"en-US"},{"@type":"Organization","@id":"https:\/\/e-schema.pl\/en\/#organization","name":"E-schema","url":"https:\/\/e-schema.pl\/en\/","logo":{"@type":"ImageObject","inLanguage":"en-US","@id":"https:\/\/e-schema.pl\/en\/#\/schema\/logo\/image\/","url":"https:\/\/e-schema.pl\/wp-content\/uploads\/2024\/07\/logo_clear.png","contentUrl":"https:\/\/e-schema.pl\/wp-content\/uploads\/2024\/07\/logo_clear.png","width":785,"height":933,"caption":"E-schema"},"image":{"@id":"https:\/\/e-schema.pl\/en\/#\/schema\/logo\/image\/"}}]}},"_links":{"self":[{"href":"https:\/\/e-schema.pl\/en\/wp-json\/wp\/v2\/product\/2596","targetHints":{"allow":["GET"]}}],"collection":[{"href":"https:\/\/e-schema.pl\/en\/wp-json\/wp\/v2\/product"}],"about":[{"href":"https:\/\/e-schema.pl\/en\/wp-json\/wp\/v2\/types\/product"}],"wp:featuredmedia":[{"embeddable":true,"href":"https:\/\/e-schema.pl\/en\/wp-json\/wp\/v2\/media\/2604"}],"wp:attachment":[{"href":"https:\/\/e-schema.pl\/en\/wp-json\/wp\/v2\/media?parent=2596"}],"wp:term":[{"taxonomy":"product_brand","embeddable":true,"href":"https:\/\/e-schema.pl\/en\/wp-json\/wp\/v2\/product_brand?post=2596"},{"taxonomy":"product_cat","embeddable":true,"href":"https:\/\/e-schema.pl\/en\/wp-json\/wp\/v2\/product_cat?post=2596"},{"taxonomy":"product_tag","embeddable":true,"href":"https:\/\/e-schema.pl\/en\/wp-json\/wp\/v2\/product_tag?post=2596"}],"curies":[{"name":"wp","href":"https:\/\/api.w.org\/{rel}","templated":true}]}}