{"id":203,"date":"2024-07-25T19:53:10","date_gmt":"2024-07-25T17:53:10","guid":{"rendered":"https:\/\/e-schema.pl\/?post_type=product&#038;p=203"},"modified":"2024-10-28T11:22:19","modified_gmt":"2024-10-28T10:22:19","slug":"komplet-przewodnikow","status":"publish","type":"product","link":"https:\/\/e-schema.pl\/en\/produkt\/komplet-przewodnikow\/","title":{"rendered":"Komplet Przewodnik\u00f3w po Schematach i Trybach autorstwa Teny Davies"},"content":{"rendered":"<p><b>PRZEWODNIKI TRYB\u00d3W I SCHEMAT\u00d3W TENY DAVIES<\/b><\/p>\n<p>&nbsp;<\/p>\n<p><span style=\"font-weight: 400;\">Ka\u017cdy cyfrowy przewodnik (jedna strona):<\/span><\/p>\n<ul>\n<li style=\"font-weight: 400;\" aria-level=\"1\"><span style=\"font-weight: 400;\">Wyja\u015bnia kluczowe cechy schemat\u00f3w i tryb\u00f3w oraz r\u00f3\u017cnicuje je (np. defektywno\u015b\u0107 a pora\u017cka; rozgniewane dziecko a rozgniewany obro\u0144ca)<\/span><\/li>\n<li style=\"font-weight: 400;\" aria-level=\"1\"><span style=\"font-weight: 400;\">Opisuje cele terapii i typowe prezentacje klient\u00f3w<\/span><\/li>\n<li style=\"font-weight: 400;\" aria-level=\"1\"><span style=\"font-weight: 400;\">Wskazuje, na kt\u00f3re inne schematy i tryby nale\u017cy zwr\u00f3ci\u0107 uwag\u0119<\/span><\/li>\n<li style=\"font-weight: 400;\" aria-level=\"1\"><span style=\"font-weight: 400;\">Oferuje zalecenia dotycz\u0105ce leczenia, k\u0142ad\u0105c nacisk na techniki do\u015bwiadczeniowe i ograniczone &#8220;rodzicielstwo na nowo&#8221;<\/span><\/li>\n<li style=\"font-weight: 400;\" aria-level=\"1\"><span style=\"font-weight: 400;\">Pomo\u017ce ci leczy\u0107 zar\u00f3wno schematy, jak i tryby<\/span><\/li>\n<\/ul>\n<p><span style=\"font-weight: 400;\">Poniewa\u017c schematy wzajemnie si\u0119 utrwalaj\u0105, wa\u017cne jest zintegrowanie ich, aby rozwi\u0105za\u0107 trudno\u015bci klienta. Pobranie pe\u0142nego zestawu zapewni rekomendacje dotycz\u0105ce leczenia schemat\u00f3w i tryb\u00f3w, kt\u00f3re pojawi\u0105 si\u0119 w trakcie procesu terapeutycznego.<\/span><\/p>\n<p>&nbsp;<\/p>\n<p><span style=\"font-weight: 400;\">Te obszerne, ale zwi\u0119z\u0142e cyfrowe przewodniki zawieraj\u0105 wiedz\u0119 zaczerpni\u0119t\u0105 z do\u015bwiadczenia autorki jako Psycholog Kliniczny, Zaawansowany Certyfikowany Terapeuta Schemat\u00f3w (certyfikowany przez ISST) i Superwizor PsyBa, oraz z r\u00f3\u017cnych tekst\u00f3w terapii schemat\u00f3w. Zestaw przewodnik\u00f3w kosztuje mniej ni\u017c jedna sesja superwizji, a oferuje zalecenia dotycz\u0105ce leczenia wszystkich 18 schemat\u00f3w dezadaptacyjnych i 15 g\u0142\u00f3wnych tryb\u00f3w terapii schemat\u00f3w. Przewodniki zosta\u0142y przet\u0142umaczone na j\u0119zyk polski przez mgr psychologii Magdalen\u0119 Kit\u0142owsk\u0105, Superwizora-Trenera oraz zaawansowanego terapeut\u0119 grupowej i indywidualnej Terapii Schematu.<\/span><\/p>\n<p>&nbsp;<\/p>\n<p><b>Kompletny zestaw 34 przewodnik\u00f3w obejmuje 18 schemat\u00f3w i 15 tryb\u00f3w:<\/b><\/p>\n<p>&nbsp;<\/p>\n<p><span style=\"font-weight: 400;\">18 schemat\u00f3w dezadaptacyjnych (wszystkie 5 domen)<\/span><\/p>\n<p><span style=\"font-weight: 400;\">2 tryby krytyka:\u00a0 karz\u0105cy i wymagaj\u0105cy<\/span><\/p>\n<p><span style=\"font-weight: 400;\">3 tryby dzieci\u0119ce: dziecko wra\u017cliwe, impulsywne, rozgniewane<\/span><\/p>\n<p><span style=\"font-weight: 400;\">2 tryby adaptacyjne: tryb zdrowego doros\u0142ego, tryb szcz\u0119\u015bliwego dziecka<\/span><\/p>\n<p><span style=\"font-weight: 400;\">8 tryb\u00f3w radzenia sobie: perfekcjonistyczny nadkontroler, samouwielbiaj\u0105cy si\u0119, atakuj\u0105cy tyran, rozgniewany obro\u0144ca, zdystansowany obro\u0144ca, zdystansowany autouspokajacz, uleg\u0142y kapitulant, bezradny kapitulant<\/span><\/p>\n<p>&nbsp;<\/p>\n<p><b>Uwaga!<\/b><span style=\"font-weight: 400;\"> Przewodniki po Trybach i Schematach to zestaw plik\u00f3w PDF skompresowanych w formacie .zip. Aby rozpakowa\u0107 plik i uzyska\u0107 dost\u0119p do przewodnik\u00f3w, post\u0119puj wed\u0142ug poni\u017cszych krok\u00f3w:<\/span><\/p>\n<ol>\n<li style=\"font-weight: 400;\" aria-level=\"1\"><span style=\"font-weight: 400;\">Pobierz plik \u2013 Po zakupie, kliknij na link w e-mailu i pobierz plik .zip na sw\u00f3j komputer.<\/span><\/li>\n<li style=\"font-weight: 400;\" aria-level=\"1\"><span style=\"font-weight: 400;\">Zlokalizuj pobrany plik \u2013 Odszukaj plik .zip w folderze, do kt\u00f3rego zosta\u0142y zapisane pobrane pliki (zazwyczaj folder \u201ePobrane\u201d lub miejsce wybrane w przegl\u0105darce).<\/span><\/li>\n<li style=\"font-weight: 400;\" aria-level=\"1\"><span style=\"font-weight: 400;\">Kliknij prawym przyciskiem myszy na plik .zip \u2013 Otworzy si\u0119 menu kontekstowe.<\/span><\/li>\n<li style=\"font-weight: 400;\" aria-level=\"1\"><span style=\"font-weight: 400;\">Wybierz opcj\u0119 \u201eWypakuj\u201d lub \u201eRozpakuj\u201d \u2013 W zale\u017cno\u015bci od systemu operacyjnego i zainstalowanego oprogramowania, opcja ta mo\u017ce si\u0119 nazywa\u0107 \u201eWypakuj tutaj\u201d, \u201eRozpakuj plik\u201d lub \u201eExtract all\u201d.<\/span><\/li>\n<li style=\"font-weight: 400;\" aria-level=\"1\"><span style=\"font-weight: 400;\">Wybierz lokalizacj\u0119 \u2013 Wybierz folder, w kt\u00f3rym chcesz zapisa\u0107 wypakowane pliki, i potwierd\u017a, klikaj\u0105c \u201eOK\u201d lub \u201eWypakuj\u201d.<\/span><\/li>\n<\/ol>\n<p><span style=\"font-weight: 400;\">Gotowe! \u2013 Po wypakowaniu b\u0119dziesz m\u00f3g\u0142 otworzy\u0107 poszczeg\u00f3lne pliki z przewodnikami.<\/span><\/p>\n<p><span style=\"font-weight: 400;\">Je\u015bli napotkasz trudno\u015bci, upewnij si\u0119, \u017ce masz zainstalowany odpowiedni program do rozpakowywania plik\u00f3w .zip, np. WinRAR, 7-Zip (dla Windows) lub Archive Utility (dla macOS).<\/span><\/p>\n","protected":false},"excerpt":{"rendered":"<p>Przewodniki integruj\u0105 wiedz\u0119 Teny Davies jako psychologa klinicznego i zaawansowanego terapeuty schemat\u00f3w. Zestaw obejmuje 18 schemat\u00f3w dezadaptacyjnych i 15 tryb\u00f3w terapii schemat\u00f3w, przet\u0142umaczonych na j\u0119zyk polski.<\/p>\n","protected":false},"featured_media":1648,"template":"","meta":{"_acf_changed":false},"product_brand":[],"product_cat":[15],"product_tag":[],"class_list":{"0":"post-203","1":"product","2":"type-product","3":"status-publish","4":"has-post-thumbnail","6":"product_cat-bez-kategorii","8":"first","9":"instock","10":"downloadable","11":"virtual","12":"taxable","13":"purchasable","14":"product-type-simple"},"acf":[],"yoast_head":"<!-- This site is optimized with the Yoast SEO plugin v27.4 - https:\/\/yoast.com\/product\/yoast-seo-wordpress\/ -->\n<title>Komplet Przewodnik\u00f3w po Schematach i Trybach autorstwa Teny Davies - e-schema<\/title>\n<meta name=\"robots\" content=\"index, follow, max-snippet:-1, max-image-preview:large, max-video-preview:-1\" \/>\n<link rel=\"canonical\" href=\"https:\/\/e-schema.pl\/en\/produkt\/komplet-przewodnikow\/\" \/>\n<meta property=\"og:locale\" content=\"en_US\" \/>\n<meta property=\"og:type\" content=\"article\" \/>\n<meta property=\"og:title\" content=\"Komplet Przewodnik\u00f3w po Schematach i Trybach autorstwa Teny Davies - e-schema\" \/>\n<meta property=\"og:description\" content=\"Przewodniki integruj\u0105 wiedz\u0119 Teny Davies jako psychologa klinicznego i zaawansowanego terapeuty schemat\u00f3w. Zestaw obejmuje 18 schemat\u00f3w dezadaptacyjnych i 15 tryb\u00f3w terapii schemat\u00f3w, przet\u0142umaczonych na j\u0119zyk polski.\" \/>\n<meta property=\"og:url\" content=\"https:\/\/e-schema.pl\/en\/produkt\/komplet-przewodnikow\/\" \/>\n<meta property=\"og:site_name\" content=\"e-schema\" \/>\n<meta property=\"article:modified_time\" content=\"2024-10-28T10:22:19+00:00\" \/>\n<meta property=\"og:image\" content=\"https:\/\/e-schema.pl\/wp-content\/uploads\/2024\/07\/tena-mockup-komplet.png\" \/>\n\t<meta property=\"og:image:width\" content=\"1080\" \/>\n\t<meta property=\"og:image:height\" content=\"1080\" \/>\n\t<meta property=\"og:image:type\" content=\"image\/png\" \/>\n<meta name=\"twitter:card\" content=\"summary_large_image\" \/>\n<meta name=\"twitter:label1\" content=\"Est. reading time\" \/>\n\t<meta name=\"twitter:data1\" content=\"3 minutes\" \/>\n<script type=\"application\/ld+json\" class=\"yoast-schema-graph\">{\"@context\":\"https:\\\/\\\/schema.org\",\"@graph\":[{\"@type\":\"WebPage\",\"@id\":\"https:\\\/\\\/e-schema.pl\\\/en\\\/produkt\\\/komplet-przewodnikow\\\/\",\"url\":\"https:\\\/\\\/e-schema.pl\\\/en\\\/produkt\\\/komplet-przewodnikow\\\/\",\"name\":\"Komplet Przewodnik\u00f3w po Schematach i Trybach autorstwa Teny Davies - e-schema\",\"isPartOf\":{\"@id\":\"https:\\\/\\\/e-schema.pl\\\/en\\\/#website\"},\"primaryImageOfPage\":{\"@id\":\"https:\\\/\\\/e-schema.pl\\\/en\\\/produkt\\\/komplet-przewodnikow\\\/#primaryimage\"},\"image\":{\"@id\":\"https:\\\/\\\/e-schema.pl\\\/en\\\/produkt\\\/komplet-przewodnikow\\\/#primaryimage\"},\"thumbnailUrl\":\"https:\\\/\\\/e-schema.pl\\\/wp-content\\\/uploads\\\/2024\\\/07\\\/tena-mockup-komplet.png\",\"datePublished\":\"2024-07-25T17:53:10+00:00\",\"dateModified\":\"2024-10-28T10:22:19+00:00\",\"breadcrumb\":{\"@id\":\"https:\\\/\\\/e-schema.pl\\\/en\\\/produkt\\\/komplet-przewodnikow\\\/#breadcrumb\"},\"inLanguage\":\"en-US\",\"potentialAction\":[{\"@type\":\"ReadAction\",\"target\":[\"https:\\\/\\\/e-schema.pl\\\/en\\\/produkt\\\/komplet-przewodnikow\\\/\"]}]},{\"@type\":\"ImageObject\",\"inLanguage\":\"en-US\",\"@id\":\"https:\\\/\\\/e-schema.pl\\\/en\\\/produkt\\\/komplet-przewodnikow\\\/#primaryimage\",\"url\":\"https:\\\/\\\/e-schema.pl\\\/wp-content\\\/uploads\\\/2024\\\/07\\\/tena-mockup-komplet.png\",\"contentUrl\":\"https:\\\/\\\/e-schema.pl\\\/wp-content\\\/uploads\\\/2024\\\/07\\\/tena-mockup-komplet.png\",\"width\":1080,\"height\":1080},{\"@type\":\"BreadcrumbList\",\"@id\":\"https:\\\/\\\/e-schema.pl\\\/en\\\/produkt\\\/komplet-przewodnikow\\\/#breadcrumb\",\"itemListElement\":[{\"@type\":\"ListItem\",\"position\":1,\"name\":\"Strona g\u0142\u00f3wna\",\"item\":\"https:\\\/\\\/e-schema.pl\\\/en\\\/home\\\/\"},{\"@type\":\"ListItem\",\"position\":2,\"name\":\"Shop\",\"item\":\"https:\\\/\\\/e-schema.pl\\\/en\\\/shop\\\/\"},{\"@type\":\"ListItem\",\"position\":3,\"name\":\"Komplet Przewodnik\u00f3w po Schematach i Trybach autorstwa Teny Davies\"}]},{\"@type\":\"WebSite\",\"@id\":\"https:\\\/\\\/e-schema.pl\\\/en\\\/#website\",\"url\":\"https:\\\/\\\/e-schema.pl\\\/en\\\/\",\"name\":\"E-schema\",\"description\":\"\",\"publisher\":{\"@id\":\"https:\\\/\\\/e-schema.pl\\\/en\\\/#organization\"},\"potentialAction\":[{\"@type\":\"SearchAction\",\"target\":{\"@type\":\"EntryPoint\",\"urlTemplate\":\"https:\\\/\\\/e-schema.pl\\\/en\\\/?s={search_term_string}\"},\"query-input\":{\"@type\":\"PropertyValueSpecification\",\"valueRequired\":true,\"valueName\":\"search_term_string\"}}],\"inLanguage\":\"en-US\"},{\"@type\":\"Organization\",\"@id\":\"https:\\\/\\\/e-schema.pl\\\/en\\\/#organization\",\"name\":\"E-schema\",\"url\":\"https:\\\/\\\/e-schema.pl\\\/en\\\/\",\"logo\":{\"@type\":\"ImageObject\",\"inLanguage\":\"en-US\",\"@id\":\"https:\\\/\\\/e-schema.pl\\\/en\\\/#\\\/schema\\\/logo\\\/image\\\/\",\"url\":\"https:\\\/\\\/e-schema.pl\\\/wp-content\\\/uploads\\\/2024\\\/07\\\/logo_clear.png\",\"contentUrl\":\"https:\\\/\\\/e-schema.pl\\\/wp-content\\\/uploads\\\/2024\\\/07\\\/logo_clear.png\",\"width\":785,\"height\":933,\"caption\":\"E-schema\"},\"image\":{\"@id\":\"https:\\\/\\\/e-schema.pl\\\/en\\\/#\\\/schema\\\/logo\\\/image\\\/\"}}]}<\/script>\n<!-- \/ Yoast SEO plugin. -->","yoast_head_json":{"title":"Komplet Przewodnik\u00f3w po Schematach i Trybach autorstwa Teny Davies - e-schema","robots":{"index":"index","follow":"follow","max-snippet":"max-snippet:-1","max-image-preview":"max-image-preview:large","max-video-preview":"max-video-preview:-1"},"canonical":"https:\/\/e-schema.pl\/en\/produkt\/komplet-przewodnikow\/","og_locale":"en_US","og_type":"article","og_title":"Komplet Przewodnik\u00f3w po Schematach i Trybach autorstwa Teny Davies - e-schema","og_description":"Przewodniki integruj\u0105 wiedz\u0119 Teny Davies jako psychologa klinicznego i zaawansowanego terapeuty schemat\u00f3w. Zestaw obejmuje 18 schemat\u00f3w dezadaptacyjnych i 15 tryb\u00f3w terapii schemat\u00f3w, przet\u0142umaczonych na j\u0119zyk polski.","og_url":"https:\/\/e-schema.pl\/en\/produkt\/komplet-przewodnikow\/","og_site_name":"e-schema","article_modified_time":"2024-10-28T10:22:19+00:00","og_image":[{"width":1080,"height":1080,"url":"https:\/\/e-schema.pl\/wp-content\/uploads\/2024\/07\/tena-mockup-komplet.png","type":"image\/png"}],"twitter_card":"summary_large_image","twitter_misc":{"Est. reading time":"3 minutes"},"schema":{"@context":"https:\/\/schema.org","@graph":[{"@type":"WebPage","@id":"https:\/\/e-schema.pl\/en\/produkt\/komplet-przewodnikow\/","url":"https:\/\/e-schema.pl\/en\/produkt\/komplet-przewodnikow\/","name":"Komplet Przewodnik\u00f3w po Schematach i Trybach autorstwa Teny Davies - e-schema","isPartOf":{"@id":"https:\/\/e-schema.pl\/en\/#website"},"primaryImageOfPage":{"@id":"https:\/\/e-schema.pl\/en\/produkt\/komplet-przewodnikow\/#primaryimage"},"image":{"@id":"https:\/\/e-schema.pl\/en\/produkt\/komplet-przewodnikow\/#primaryimage"},"thumbnailUrl":"https:\/\/e-schema.pl\/wp-content\/uploads\/2024\/07\/tena-mockup-komplet.png","datePublished":"2024-07-25T17:53:10+00:00","dateModified":"2024-10-28T10:22:19+00:00","breadcrumb":{"@id":"https:\/\/e-schema.pl\/en\/produkt\/komplet-przewodnikow\/#breadcrumb"},"inLanguage":"en-US","potentialAction":[{"@type":"ReadAction","target":["https:\/\/e-schema.pl\/en\/produkt\/komplet-przewodnikow\/"]}]},{"@type":"ImageObject","inLanguage":"en-US","@id":"https:\/\/e-schema.pl\/en\/produkt\/komplet-przewodnikow\/#primaryimage","url":"https:\/\/e-schema.pl\/wp-content\/uploads\/2024\/07\/tena-mockup-komplet.png","contentUrl":"https:\/\/e-schema.pl\/wp-content\/uploads\/2024\/07\/tena-mockup-komplet.png","width":1080,"height":1080},{"@type":"BreadcrumbList","@id":"https:\/\/e-schema.pl\/en\/produkt\/komplet-przewodnikow\/#breadcrumb","itemListElement":[{"@type":"ListItem","position":1,"name":"Strona g\u0142\u00f3wna","item":"https:\/\/e-schema.pl\/en\/home\/"},{"@type":"ListItem","position":2,"name":"Shop","item":"https:\/\/e-schema.pl\/en\/shop\/"},{"@type":"ListItem","position":3,"name":"Komplet Przewodnik\u00f3w po Schematach i Trybach autorstwa Teny Davies"}]},{"@type":"WebSite","@id":"https:\/\/e-schema.pl\/en\/#website","url":"https:\/\/e-schema.pl\/en\/","name":"E-schema","description":"","publisher":{"@id":"https:\/\/e-schema.pl\/en\/#organization"},"potentialAction":[{"@type":"SearchAction","target":{"@type":"EntryPoint","urlTemplate":"https:\/\/e-schema.pl\/en\/?s={search_term_string}"},"query-input":{"@type":"PropertyValueSpecification","valueRequired":true,"valueName":"search_term_string"}}],"inLanguage":"en-US"},{"@type":"Organization","@id":"https:\/\/e-schema.pl\/en\/#organization","name":"E-schema","url":"https:\/\/e-schema.pl\/en\/","logo":{"@type":"ImageObject","inLanguage":"en-US","@id":"https:\/\/e-schema.pl\/en\/#\/schema\/logo\/image\/","url":"https:\/\/e-schema.pl\/wp-content\/uploads\/2024\/07\/logo_clear.png","contentUrl":"https:\/\/e-schema.pl\/wp-content\/uploads\/2024\/07\/logo_clear.png","width":785,"height":933,"caption":"E-schema"},"image":{"@id":"https:\/\/e-schema.pl\/en\/#\/schema\/logo\/image\/"}}]}},"_links":{"self":[{"href":"https:\/\/e-schema.pl\/en\/wp-json\/wp\/v2\/product\/203","targetHints":{"allow":["GET"]}}],"collection":[{"href":"https:\/\/e-schema.pl\/en\/wp-json\/wp\/v2\/product"}],"about":[{"href":"https:\/\/e-schema.pl\/en\/wp-json\/wp\/v2\/types\/product"}],"wp:featuredmedia":[{"embeddable":true,"href":"https:\/\/e-schema.pl\/en\/wp-json\/wp\/v2\/media\/1648"}],"wp:attachment":[{"href":"https:\/\/e-schema.pl\/en\/wp-json\/wp\/v2\/media?parent=203"}],"wp:term":[{"taxonomy":"product_brand","embeddable":true,"href":"https:\/\/e-schema.pl\/en\/wp-json\/wp\/v2\/product_brand?post=203"},{"taxonomy":"product_cat","embeddable":true,"href":"https:\/\/e-schema.pl\/en\/wp-json\/wp\/v2\/product_cat?post=203"},{"taxonomy":"product_tag","embeddable":true,"href":"https:\/\/e-schema.pl\/en\/wp-json\/wp\/v2\/product_tag?post=203"}],"curies":[{"name":"wp","href":"https:\/\/api.w.org\/{rel}","templated":true}]}}